{"id":3018,"date":"2023-05-16T12:24:49","date_gmt":"2023-05-16T15:24:49","guid":{"rendered":"http:\/\/colegiodemaria.edu.ar\/memc\/?page_id=3018"},"modified":"2024-11-28T11:13:42","modified_gmt":"2024-11-28T14:13:42","slug":"coleccion-tecnologica","status":"publish","type":"page","link":"https:\/\/colegiodemaria.edu.ar\/memc\/coleccion-tecnologica\/","title":{"rendered":"Colecci\u00f3n Tecnol\u00f3gica"},"content":{"rendered":"\t\t<div data-elementor-type=\"wp-page\" data-elementor-id=\"3018\" class=\"elementor elementor-3018\">\n\t\t\t\t\t\t<section class=\"elementor-section elementor-top-section elementor-element elementor-element-ad554b6 elementor-section-boxed elementor-section-height-default elementor-section-height-default\" data-id=\"ad554b6\" data-element_type=\"section\" data-e-type=\"section\">\n\t\t\t\t\t\t<div class=\"elementor-container elementor-column-gap-default\">\n\t\t\t\t\t<div class=\"elementor-column elementor-col-100 elementor-top-column elementor-element elementor-element-d720d47\" data-id=\"d720d47\" data-element_type=\"column\" data-e-type=\"column\" data-settings=\"{&quot;background_background&quot;:&quot;classic&quot;}\">\n\t\t\t<div class=\"elementor-widget-wrap elementor-element-populated\">\n\t\t\t\t\t\t<div class=\"elementor-element elementor-element-a8f845a elementor-widget elementor-widget-image\" data-id=\"a8f845a\" data-element_type=\"widget\" data-e-type=\"widget\" data-widget_type=\"image.default\">\n\t\t\t\t<div class=\"elementor-widget-container\">\n\t\t\t\t\t\t\t\t\t\t\t\t\t\t\t<img fetchpriority=\"high\" decoding=\"async\" width=\"750\" height=\"156\" src=\"https:\/\/colegiodemaria.edu.ar\/memc\/wp-content\/uploads\/2023\/05\/btn-tecnologia-1024x213.png\" class=\"attachment-large size-large wp-image-3036\" alt=\"\" srcset=\"https:\/\/colegiodemaria.edu.ar\/memc\/wp-content\/uploads\/2023\/05\/btn-tecnologia-1024x213.png 1024w, https:\/\/colegiodemaria.edu.ar\/memc\/wp-content\/uploads\/2023\/05\/btn-tecnologia-300x62.png 300w, https:\/\/colegiodemaria.edu.ar\/memc\/wp-content\/uploads\/2023\/05\/btn-tecnologia-768x160.png 768w, https:\/\/colegiodemaria.edu.ar\/memc\/wp-content\/uploads\/2023\/05\/btn-tecnologia.png 1410w\" sizes=\"(max-width: 750px) 100vw, 750px\" \/>\t\t\t\t\t\t\t\t\t\t\t\t\t\t\t<\/div>\n\t\t\t\t<\/div>\n\t\t\t\t\t<\/div>\n\t\t<\/div>\n\t\t\t\t\t<\/div>\n\t\t<\/section>\n\t\t\t\t<section class=\"elementor-section elementor-top-section elementor-element elementor-element-288d8cc elementor-section-boxed elementor-section-height-default elementor-section-height-default\" data-id=\"288d8cc\" data-element_type=\"section\" data-e-type=\"section\">\n\t\t\t\t\t\t<div class=\"elementor-container elementor-column-gap-default\">\n\t\t\t\t\t<div class=\"elementor-column elementor-col-50 elementor-top-column elementor-element elementor-element-4b587d0\" data-id=\"4b587d0\" data-element_type=\"column\" data-e-type=\"column\">\n\t\t\t<div class=\"elementor-widget-wrap elementor-element-populated\">\n\t\t\t\t\t\t<div class=\"elementor-element elementor-element-10d638e elementor-widget elementor-widget-text-editor\" data-id=\"10d638e\" data-element_type=\"widget\" data-e-type=\"widget\" data-widget_type=\"text-editor.default\">\n\t\t\t\t<div class=\"elementor-widget-container\">\n\t\t\t\t\t\t\t\t\t<p><span style=\"font-weight: 400;\">Buen d\u00eda, espero que est\u00e9n transitando un buen momento de su vida.<\/span><\/p><p><span style=\"font-weight: 400;\">Quiero darles una introducci\u00f3n sobre mi personalidad para que logren entender el porque soy tan dedicado en mi trabajo<\/span><span style=\"font-weight: 400;\"><br \/><\/span><span style=\"font-weight: 400;\">Sufro T.O.C (Trastorno Obsesivo Compulsivo), esto me da una obsesi\u00f3n con el orden y la limpieza, aunque se manejarlo, a veces sufro ataques de estr\u00e9s.<\/span><\/p><p><span style=\"font-weight: 400;\">Mi trabajo consiste en controlar como funciona el museo\u2026 y que funcione!!<\/span><\/p><p><span style=\"font-weight: 400;\">Y, ya que amo la tecnolog\u00eda, y soy buena en esto, me ocupo desde atender desde las c\u00e1maras de seguridad hasta del sitio web del museo (ya lo visitaste?)<\/span><\/p><p><span style=\"font-weight: 400;\">Ah! Tambi\u00e9n soy responsable de\u00a0 las redes sociales. Dame un Me gusta en Facebook e Instagram. Si todav\u00eda no nos conoc\u00e9s, buscanos! No te vas a arrepentir porque la <\/span><b>tecnolog\u00eda<\/b><span style=\"font-weight: 400;\"> hoy nos permite mucho m\u00e1s!<\/span><\/p>\t\t\t\t\t\t\t\t<\/div>\n\t\t\t\t<\/div>\n\t\t\t\t\t<\/div>\n\t\t<\/div>\n\t\t\t\t<div class=\"elementor-column elementor-col-50 elementor-top-column elementor-element elementor-element-a7bb27f\" data-id=\"a7bb27f\" data-element_type=\"column\" data-e-type=\"column\">\n\t\t\t<div class=\"elementor-widget-wrap elementor-element-populated\">\n\t\t\t\t\t\t<div class=\"elementor-element elementor-element-2aab373 elementor-widget elementor-widget-image\" data-id=\"2aab373\" data-element_type=\"widget\" data-e-type=\"widget\" data-widget_type=\"image.default\">\n\t\t\t\t<div class=\"elementor-widget-container\">\n\t\t\t\t\t\t\t\t\t\t\t\t\t\t\t<img decoding=\"async\" width=\"750\" height=\"750\" src=\"https:\/\/colegiodemaria.edu.ar\/memc\/wp-content\/uploads\/2023\/05\/compas-01-1024x1024.png\" class=\"attachment-large size-large wp-image-2997\" alt=\"\" srcset=\"https:\/\/colegiodemaria.edu.ar\/memc\/wp-content\/uploads\/2023\/05\/compas-01-1024x1024.png 1024w, https:\/\/colegiodemaria.edu.ar\/memc\/wp-content\/uploads\/2023\/05\/compas-01-300x300.png 300w, https:\/\/colegiodemaria.edu.ar\/memc\/wp-content\/uploads\/2023\/05\/compas-01-150x150.png 150w, https:\/\/colegiodemaria.edu.ar\/memc\/wp-content\/uploads\/2023\/05\/compas-01-768x768.png 768w, https:\/\/colegiodemaria.edu.ar\/memc\/wp-content\/uploads\/2023\/05\/compas-01.png 1280w\" sizes=\"(max-width: 750px) 100vw, 750px\" \/>\t\t\t\t\t\t\t\t\t\t\t\t\t\t\t<\/div>\n\t\t\t\t<\/div>\n\t\t\t\t\t<\/div>\n\t\t<\/div>\n\t\t\t\t\t<\/div>\n\t\t<\/section>\n\t\t\t\t<section class=\"elementor-section elementor-top-section elementor-element elementor-element-e7235ef elementor-section-boxed elementor-section-height-default elementor-section-height-default\" data-id=\"e7235ef\" data-element_type=\"section\" data-e-type=\"section\">\n\t\t\t\t\t\t<div class=\"elementor-container elementor-column-gap-default\">\n\t\t\t\t\t<div class=\"elementor-column elementor-col-100 elementor-top-column elementor-element elementor-element-3a8f215\" data-id=\"3a8f215\" data-element_type=\"column\" data-e-type=\"column\">\n\t\t\t<div class=\"elementor-widget-wrap elementor-element-populated\">\n\t\t\t\t\t\t<div class=\"elementor-element elementor-element-04715fb elementor-widget elementor-widget-image\" data-id=\"04715fb\" data-element_type=\"widget\" data-e-type=\"widget\" data-widget_type=\"image.default\">\n\t\t\t\t<div class=\"elementor-widget-container\">\n\t\t\t\t\t\t\t\t\t\t\t\t\t\t\t\t<a href=\"https:\/\/colegiodemaria.edu.ar\/memc\/podcasts\/\">\n\t\t\t\t\t\t\t<img decoding=\"async\" width=\"750\" height=\"110\" src=\"https:\/\/colegiodemaria.edu.ar\/memc\/wp-content\/uploads\/2024\/11\/PODCAST-BANNER.jpg\" class=\"attachment-large size-large wp-image-3074\" alt=\"\" srcset=\"https:\/\/colegiodemaria.edu.ar\/memc\/wp-content\/uploads\/2024\/11\/PODCAST-BANNER.jpg 1024w, https:\/\/colegiodemaria.edu.ar\/memc\/wp-content\/uploads\/2024\/11\/PODCAST-BANNER-300x44.jpg 300w, https:\/\/colegiodemaria.edu.ar\/memc\/wp-content\/uploads\/2024\/11\/PODCAST-BANNER-768x113.jpg 768w\" sizes=\"(max-width: 750px) 100vw, 750px\" \/>\t\t\t\t\t\t\t\t<\/a>\n\t\t\t\t\t\t\t\t\t\t\t\t\t\t\t<\/div>\n\t\t\t\t<\/div>\n\t\t\t\t\t<\/div>\n\t\t<\/div>\n\t\t\t\t\t<\/div>\n\t\t<\/section>\n\t\t\t\t<\/div>\n\t\t","protected":false},"excerpt":{"rendered":"<p>Buen d\u00eda, espero que est\u00e9n transitando un buen momento de su vida. Quiero darles una introducci\u00f3n sobre mi personalidad para que logren entender el porque soy tan dedicado en mi trabajoSufro T.O.C (Trastorno Obsesivo Compulsivo), esto me da una obsesi\u00f3n con el orden y la limpieza, aunque se manejarlo, a veces sufro ataques de estr\u00e9s. [&hellip;]<\/p>\n","protected":false},"author":2,"featured_media":0,"parent":0,"menu_order":0,"comment_status":"closed","ping_status":"closed","template":"elementor_header_footer","meta":{"footnotes":""},"class_list":["post-3018","page","type-page","status-publish","hentry"],"_links":{"self":[{"href":"https:\/\/colegiodemaria.edu.ar\/memc\/wp-json\/wp\/v2\/pages\/3018","targetHints":{"allow":["GET"]}}],"collection":[{"href":"https:\/\/colegiodemaria.edu.ar\/memc\/wp-json\/wp\/v2\/pages"}],"about":[{"href":"https:\/\/colegiodemaria.edu.ar\/memc\/wp-json\/wp\/v2\/types\/page"}],"author":[{"embeddable":true,"href":"https:\/\/colegiodemaria.edu.ar\/memc\/wp-json\/wp\/v2\/users\/2"}],"replies":[{"embeddable":true,"href":"https:\/\/colegiodemaria.edu.ar\/memc\/wp-json\/wp\/v2\/comments?post=3018"}],"version-history":[{"count":19,"href":"https:\/\/colegiodemaria.edu.ar\/memc\/wp-json\/wp\/v2\/pages\/3018\/revisions"}],"predecessor-version":[{"id":3150,"href":"https:\/\/colegiodemaria.edu.ar\/memc\/wp-json\/wp\/v2\/pages\/3018\/revisions\/3150"}],"wp:attachment":[{"href":"https:\/\/colegiodemaria.edu.ar\/memc\/wp-json\/wp\/v2\/media?parent=3018"}],"curies":[{"name":"wp","href":"https:\/\/api.w.org\/{rel}","templated":true}]}}