{"id":3009,"date":"2023-05-16T12:20:10","date_gmt":"2023-05-16T15:20:10","guid":{"rendered":"http:\/\/colegiodemaria.edu.ar\/memc\/?page_id=3009"},"modified":"2024-11-28T11:11:35","modified_gmt":"2024-11-28T14:11:35","slug":"coleccion-antropologica","status":"publish","type":"page","link":"https:\/\/colegiodemaria.edu.ar\/memc\/coleccion-antropologica\/","title":{"rendered":"Colecci\u00f3n Antropol\u00f3gica"},"content":{"rendered":"\t\t<div data-elementor-type=\"wp-page\" data-elementor-id=\"3009\" class=\"elementor elementor-3009\">\n\t\t\t\t\t\t<section class=\"elementor-section elementor-top-section elementor-element elementor-element-a2dfcf9 elementor-section-boxed elementor-section-height-default elementor-section-height-default\" data-id=\"a2dfcf9\" data-element_type=\"section\" data-e-type=\"section\">\n\t\t\t\t\t\t<div class=\"elementor-container elementor-column-gap-default\">\n\t\t\t\t\t<div class=\"elementor-column elementor-col-100 elementor-top-column elementor-element elementor-element-845659f\" data-id=\"845659f\" data-element_type=\"column\" data-e-type=\"column\" data-settings=\"{&quot;background_background&quot;:&quot;classic&quot;}\">\n\t\t\t<div class=\"elementor-widget-wrap elementor-element-populated\">\n\t\t\t\t\t\t<div class=\"elementor-element elementor-element-48e218d elementor-widget elementor-widget-image\" data-id=\"48e218d\" data-element_type=\"widget\" data-e-type=\"widget\" data-widget_type=\"image.default\">\n\t\t\t\t<div class=\"elementor-widget-container\">\n\t\t\t\t\t\t\t\t\t\t\t\t\t\t\t<img fetchpriority=\"high\" decoding=\"async\" width=\"750\" height=\"155\" src=\"https:\/\/colegiodemaria.edu.ar\/memc\/wp-content\/uploads\/2023\/05\/btn-antro-1024x212.png\" class=\"attachment-large size-large wp-image-2966\" alt=\"\" srcset=\"https:\/\/colegiodemaria.edu.ar\/memc\/wp-content\/uploads\/2023\/05\/btn-antro-1024x212.png 1024w, https:\/\/colegiodemaria.edu.ar\/memc\/wp-content\/uploads\/2023\/05\/btn-antro-300x62.png 300w, https:\/\/colegiodemaria.edu.ar\/memc\/wp-content\/uploads\/2023\/05\/btn-antro-768x159.png 768w, https:\/\/colegiodemaria.edu.ar\/memc\/wp-content\/uploads\/2023\/05\/btn-antro.png 1410w\" sizes=\"(max-width: 750px) 100vw, 750px\" \/>\t\t\t\t\t\t\t\t\t\t\t\t\t\t\t<\/div>\n\t\t\t\t<\/div>\n\t\t\t\t\t<\/div>\n\t\t<\/div>\n\t\t\t\t\t<\/div>\n\t\t<\/section>\n\t\t\t\t<section class=\"elementor-section elementor-top-section elementor-element elementor-element-71637d2 elementor-section-boxed elementor-section-height-default elementor-section-height-default\" data-id=\"71637d2\" data-element_type=\"section\" data-e-type=\"section\">\n\t\t\t\t\t\t<div class=\"elementor-container elementor-column-gap-default\">\n\t\t\t\t\t<div class=\"elementor-column elementor-col-50 elementor-top-column elementor-element elementor-element-6db93d6\" data-id=\"6db93d6\" data-element_type=\"column\" data-e-type=\"column\">\n\t\t\t<div class=\"elementor-widget-wrap elementor-element-populated\">\n\t\t\t\t\t\t<div class=\"elementor-element elementor-element-ee8c1fe elementor-widget elementor-widget-text-editor\" data-id=\"ee8c1fe\" data-element_type=\"widget\" data-e-type=\"widget\" data-widget_type=\"text-editor.default\">\n\t\t\t\t<div class=\"elementor-widget-container\">\n\t\t\t\t\t\t\t\t\t<p><span style=\"font-weight: 400;\">Hola! Mi nombre es Cami, y los que me conocen dicen que mi personalidad es graciosa,\u00a0 imaginativa, observadora, amable y preguntona. Tengo varios sue\u00f1os, uno de ellos es conocer todos los planetas del sistema solar, recorrer cada rinc\u00f3n del nuestro, y que aprendamos a cuidar y respetar cada pueblo y cultura!<\/span><\/p><p><span style=\"font-weight: 400;\">Te cuento, un d\u00eda, unos visitantes me dijeron que un hombre dej\u00f3 una huella en\u2026 la luna!! Desde ese d\u00eda quiero ser la pr\u00f3xima en la luna.. o marte!\u00a0 Y yo les cont\u00e9 que hay huellas de humanos que quedaron grabadas en el suelo y tienen miles y miles de a\u00f1os!!<\/span><\/p><p><span style=\"font-weight: 400;\">Viste las huellas que est\u00e1n en la escalera y la entrada del museo? As\u00ed<\/span><b> Cami-<\/b><span style=\"font-weight: 400;\">namos\u2026 dejando huellas que otros pueden seguir. Como responsable de la COLECCION ANTROPOLOGICA me gustar\u00eda\u00a0 que aprendamos juntos c\u00f3mo los grupos humanos hemos habitado y habitamos la Tierra, hace diez, 100 o 1000 a\u00f1os, y que vos nunca te olvides que tu huella importa, es irrepetible, valiosa\u2026 <\/span><b>que\u00a0 Somos huellas diversas y \u00fanicas\u2026<\/b><span style=\"font-weight: 400;\">\u00a0 y que vos tambi\u00e9n pod\u00e9s dejar tu huella en el Museo!<\/span><\/p>\t\t\t\t\t\t\t\t<\/div>\n\t\t\t\t<\/div>\n\t\t\t\t\t<\/div>\n\t\t<\/div>\n\t\t\t\t<div class=\"elementor-column elementor-col-50 elementor-top-column elementor-element elementor-element-9119a42\" data-id=\"9119a42\" data-element_type=\"column\" data-e-type=\"column\">\n\t\t\t<div class=\"elementor-widget-wrap elementor-element-populated\">\n\t\t\t\t\t\t<div class=\"elementor-element elementor-element-8857ade elementor-widget elementor-widget-image\" data-id=\"8857ade\" data-element_type=\"widget\" data-e-type=\"widget\" data-widget_type=\"image.default\">\n\t\t\t\t<div class=\"elementor-widget-container\">\n\t\t\t\t\t\t\t\t\t\t\t\t\t\t\t<img decoding=\"async\" width=\"512\" height=\"512\" src=\"https:\/\/colegiodemaria.edu.ar\/memc\/wp-content\/uploads\/2023\/05\/cami.png\" class=\"attachment-large size-large wp-image-2998\" alt=\"\" srcset=\"https:\/\/colegiodemaria.edu.ar\/memc\/wp-content\/uploads\/2023\/05\/cami.png 512w, https:\/\/colegiodemaria.edu.ar\/memc\/wp-content\/uploads\/2023\/05\/cami-300x300.png 300w, https:\/\/colegiodemaria.edu.ar\/memc\/wp-content\/uploads\/2023\/05\/cami-150x150.png 150w\" sizes=\"(max-width: 512px) 100vw, 512px\" \/>\t\t\t\t\t\t\t\t\t\t\t\t\t\t\t<\/div>\n\t\t\t\t<\/div>\n\t\t\t\t\t<\/div>\n\t\t<\/div>\n\t\t\t\t\t<\/div>\n\t\t<\/section>\n\t\t\t\t<section class=\"elementor-section elementor-top-section elementor-element elementor-element-5a73c23 elementor-section-boxed elementor-section-height-default elementor-section-height-default\" data-id=\"5a73c23\" data-element_type=\"section\" data-e-type=\"section\">\n\t\t\t\t\t\t<div class=\"elementor-container elementor-column-gap-default\">\n\t\t\t\t\t<div class=\"elementor-column elementor-col-100 elementor-top-column elementor-element elementor-element-ef304b9\" data-id=\"ef304b9\" data-element_type=\"column\" data-e-type=\"column\">\n\t\t\t<div class=\"elementor-widget-wrap elementor-element-populated\">\n\t\t\t\t\t\t<div class=\"elementor-element elementor-element-2702130 elementor-widget elementor-widget-image\" data-id=\"2702130\" data-element_type=\"widget\" data-e-type=\"widget\" data-widget_type=\"image.default\">\n\t\t\t\t<div class=\"elementor-widget-container\">\n\t\t\t\t\t\t\t\t\t\t\t\t\t\t\t\t<a href=\"https:\/\/colegiodemaria.edu.ar\/memc\/podcasts\/\">\n\t\t\t\t\t\t\t<img decoding=\"async\" width=\"750\" height=\"110\" src=\"https:\/\/colegiodemaria.edu.ar\/memc\/wp-content\/uploads\/2024\/11\/PODCAST-BANNER.jpg\" class=\"attachment-large size-large wp-image-3074\" alt=\"\" srcset=\"https:\/\/colegiodemaria.edu.ar\/memc\/wp-content\/uploads\/2024\/11\/PODCAST-BANNER.jpg 1024w, https:\/\/colegiodemaria.edu.ar\/memc\/wp-content\/uploads\/2024\/11\/PODCAST-BANNER-300x44.jpg 300w, https:\/\/colegiodemaria.edu.ar\/memc\/wp-content\/uploads\/2024\/11\/PODCAST-BANNER-768x113.jpg 768w\" sizes=\"(max-width: 750px) 100vw, 750px\" \/>\t\t\t\t\t\t\t\t<\/a>\n\t\t\t\t\t\t\t\t\t\t\t\t\t\t\t<\/div>\n\t\t\t\t<\/div>\n\t\t\t\t\t<\/div>\n\t\t<\/div>\n\t\t\t\t\t<\/div>\n\t\t<\/section>\n\t\t\t\t<\/div>\n\t\t","protected":false},"excerpt":{"rendered":"<p>Hola! Mi nombre es Cami, y los que me conocen dicen que mi personalidad es graciosa,\u00a0 imaginativa, observadora, amable y preguntona. Tengo varios sue\u00f1os, uno de ellos es conocer todos los planetas del sistema solar, recorrer cada rinc\u00f3n del nuestro, y que aprendamos a cuidar y respetar cada pueblo y cultura! Te cuento, un d\u00eda, [&hellip;]<\/p>\n","protected":false},"author":2,"featured_media":0,"parent":0,"menu_order":0,"comment_status":"closed","ping_status":"closed","template":"elementor_header_footer","meta":{"footnotes":""},"class_list":["post-3009","page","type-page","status-publish","hentry"],"_links":{"self":[{"href":"https:\/\/colegiodemaria.edu.ar\/memc\/wp-json\/wp\/v2\/pages\/3009","targetHints":{"allow":["GET"]}}],"collection":[{"href":"https:\/\/colegiodemaria.edu.ar\/memc\/wp-json\/wp\/v2\/pages"}],"about":[{"href":"https:\/\/colegiodemaria.edu.ar\/memc\/wp-json\/wp\/v2\/types\/page"}],"author":[{"embeddable":true,"href":"https:\/\/colegiodemaria.edu.ar\/memc\/wp-json\/wp\/v2\/users\/2"}],"replies":[{"embeddable":true,"href":"https:\/\/colegiodemaria.edu.ar\/memc\/wp-json\/wp\/v2\/comments?post=3009"}],"version-history":[{"count":10,"href":"https:\/\/colegiodemaria.edu.ar\/memc\/wp-json\/wp\/v2\/pages\/3009\/revisions"}],"predecessor-version":[{"id":3138,"href":"https:\/\/colegiodemaria.edu.ar\/memc\/wp-json\/wp\/v2\/pages\/3009\/revisions\/3138"}],"wp:attachment":[{"href":"https:\/\/colegiodemaria.edu.ar\/memc\/wp-json\/wp\/v2\/media?parent=3009"}],"curies":[{"name":"wp","href":"https:\/\/api.w.org\/{rel}","templated":true}]}}