{"id":3003,"date":"2023-05-16T12:18:09","date_gmt":"2023-05-16T15:18:09","guid":{"rendered":"http:\/\/colegiodemaria.edu.ar\/memc\/?page_id=3003"},"modified":"2024-11-28T11:11:53","modified_gmt":"2024-11-28T14:11:53","slug":"coleccion-biologica","status":"publish","type":"page","link":"https:\/\/colegiodemaria.edu.ar\/memc\/coleccion-biologica\/","title":{"rendered":"Colecci\u00f3n Biol\u00f3gica"},"content":{"rendered":"\t\t<div data-elementor-type=\"wp-page\" data-elementor-id=\"3003\" class=\"elementor elementor-3003\">\n\t\t\t\t\t\t<section class=\"elementor-section elementor-top-section elementor-element elementor-element-8f6d0b8 elementor-section-boxed elementor-section-height-default elementor-section-height-default\" data-id=\"8f6d0b8\" data-element_type=\"section\" data-e-type=\"section\">\n\t\t\t\t\t\t<div class=\"elementor-container elementor-column-gap-default\">\n\t\t\t\t\t<div class=\"elementor-column elementor-col-100 elementor-top-column elementor-element elementor-element-9740352\" data-id=\"9740352\" data-element_type=\"column\" data-e-type=\"column\" data-settings=\"{&quot;background_background&quot;:&quot;classic&quot;}\">\n\t\t\t<div class=\"elementor-widget-wrap elementor-element-populated\">\n\t\t\t\t\t\t<div class=\"elementor-element elementor-element-68606ae elementor-widget elementor-widget-image\" data-id=\"68606ae\" data-element_type=\"widget\" data-e-type=\"widget\" data-widget_type=\"image.default\">\n\t\t\t\t<div class=\"elementor-widget-container\">\n\t\t\t\t\t\t\t\t\t\t\t\t\t\t\t<img fetchpriority=\"high\" decoding=\"async\" width=\"1024\" height=\"212\" src=\"https:\/\/colegiodemaria.edu.ar\/memc\/wp-content\/uploads\/2023\/05\/btn-bio-1024x212.png\" class=\"attachment-large size-large wp-image-2967\" alt=\"\" srcset=\"https:\/\/colegiodemaria.edu.ar\/memc\/wp-content\/uploads\/2023\/05\/btn-bio-1024x212.png 1024w, https:\/\/colegiodemaria.edu.ar\/memc\/wp-content\/uploads\/2023\/05\/btn-bio-300x62.png 300w, https:\/\/colegiodemaria.edu.ar\/memc\/wp-content\/uploads\/2023\/05\/btn-bio-768x159.png 768w, https:\/\/colegiodemaria.edu.ar\/memc\/wp-content\/uploads\/2023\/05\/btn-bio.png 1410w\" sizes=\"(max-width: 1024px) 100vw, 1024px\" \/>\t\t\t\t\t\t\t\t\t\t\t\t\t\t\t<\/div>\n\t\t\t\t<\/div>\n\t\t\t\t\t<\/div>\n\t\t<\/div>\n\t\t\t\t\t<\/div>\n\t\t<\/section>\n\t\t\t\t<section class=\"elementor-section elementor-top-section elementor-element elementor-element-031ae8e elementor-section-boxed elementor-section-height-default elementor-section-height-default\" data-id=\"031ae8e\" data-element_type=\"section\" data-e-type=\"section\">\n\t\t\t\t\t\t<div class=\"elementor-container elementor-column-gap-default\">\n\t\t\t\t\t<div class=\"elementor-column elementor-col-50 elementor-top-column elementor-element elementor-element-39cebc4\" data-id=\"39cebc4\" data-element_type=\"column\" data-e-type=\"column\">\n\t\t\t<div class=\"elementor-widget-wrap elementor-element-populated\">\n\t\t\t\t\t\t<div class=\"elementor-element elementor-element-771b4c9 elementor-widget elementor-widget-text-editor\" data-id=\"771b4c9\" data-element_type=\"widget\" data-e-type=\"widget\" data-widget_type=\"text-editor.default\">\n\t\t\t\t<div class=\"elementor-widget-container\">\n\t\t\t\t\t\t\t\t\t<p><span style=\"font-weight: 400;\">Hola!! te estaba esperando, sab\u00edas que ibas a venir, te estaba viendo desde ac\u00e1 arriba&#8230; Tambi\u00e9n vi como te asombraste y brillaron tus ojos, y cuando llegaste a la zona de los Ambientes de C\u00f3rdoba,\u00a0 viste cu\u00e1ntos te estamos esperando para contarte lo que sabemos?\u00a0 Me encanta hacer nuevos amigos,\u00a0 y que nos relacionemos, como con Don,\u00a0 que le cuesta mostrar sus emociones pero poco a poco fuimos formando este grupo de amigos que nos aceptamos siendo cada uno diferente.<\/span><\/p><p><span style=\"font-weight: 400;\">Entre todos vamos a tratar de que est\u00e9s c\u00f3modo, saques tus dudas, nos escuchemos \u2026 Y cuando vengas al museo, no dejes de saludarme, yo estar\u00e9 encantando de recibirte para contarte c\u00f3mo se ve desde el cielo\u2026!<\/span><\/p>\t\t\t\t\t\t\t\t<\/div>\n\t\t\t\t<\/div>\n\t\t\t\t\t<\/div>\n\t\t<\/div>\n\t\t\t\t<div class=\"elementor-column elementor-col-50 elementor-top-column elementor-element elementor-element-ae883dc\" data-id=\"ae883dc\" data-element_type=\"column\" data-e-type=\"column\">\n\t\t\t<div class=\"elementor-widget-wrap elementor-element-populated\">\n\t\t\t\t\t\t<div class=\"elementor-element elementor-element-66b1db7 elementor-widget elementor-widget-image\" data-id=\"66b1db7\" data-element_type=\"widget\" data-e-type=\"widget\" data-widget_type=\"image.default\">\n\t\t\t\t<div class=\"elementor-widget-container\">\n\t\t\t\t\t\t\t\t\t\t\t\t\t\t\t<img decoding=\"async\" width=\"512\" height=\"512\" src=\"https:\/\/colegiodemaria.edu.ar\/memc\/wp-content\/uploads\/2023\/05\/pipo.png\" class=\"attachment-large size-large wp-image-2996\" alt=\"\" srcset=\"https:\/\/colegiodemaria.edu.ar\/memc\/wp-content\/uploads\/2023\/05\/pipo.png 512w, https:\/\/colegiodemaria.edu.ar\/memc\/wp-content\/uploads\/2023\/05\/pipo-300x300.png 300w, https:\/\/colegiodemaria.edu.ar\/memc\/wp-content\/uploads\/2023\/05\/pipo-150x150.png 150w\" sizes=\"(max-width: 512px) 100vw, 512px\" \/>\t\t\t\t\t\t\t\t\t\t\t\t\t\t\t<\/div>\n\t\t\t\t<\/div>\n\t\t\t\t\t<\/div>\n\t\t<\/div>\n\t\t\t\t\t<\/div>\n\t\t<\/section>\n\t\t\t\t<section class=\"elementor-section elementor-top-section elementor-element elementor-element-5932621 elementor-section-boxed elementor-section-height-default elementor-section-height-default\" data-id=\"5932621\" data-element_type=\"section\" data-e-type=\"section\">\n\t\t\t\t\t\t<div class=\"elementor-container elementor-column-gap-default\">\n\t\t\t\t\t<div class=\"elementor-column elementor-col-100 elementor-top-column elementor-element elementor-element-62b3e9c\" data-id=\"62b3e9c\" data-element_type=\"column\" data-e-type=\"column\">\n\t\t\t<div class=\"elementor-widget-wrap elementor-element-populated\">\n\t\t\t\t\t\t<div class=\"elementor-element elementor-element-630c78b elementor-widget elementor-widget-image\" data-id=\"630c78b\" data-element_type=\"widget\" data-e-type=\"widget\" data-widget_type=\"image.default\">\n\t\t\t\t<div class=\"elementor-widget-container\">\n\t\t\t\t\t\t\t\t\t\t\t\t\t\t\t\t<a href=\"https:\/\/colegiodemaria.edu.ar\/memc\/podcasts\/\">\n\t\t\t\t\t\t\t<img decoding=\"async\" width=\"1024\" height=\"150\" src=\"https:\/\/colegiodemaria.edu.ar\/memc\/wp-content\/uploads\/2024\/11\/PODCAST-BANNER.jpg\" class=\"attachment-large size-large wp-image-3074\" alt=\"\" srcset=\"https:\/\/colegiodemaria.edu.ar\/memc\/wp-content\/uploads\/2024\/11\/PODCAST-BANNER.jpg 1024w, https:\/\/colegiodemaria.edu.ar\/memc\/wp-content\/uploads\/2024\/11\/PODCAST-BANNER-300x44.jpg 300w, https:\/\/colegiodemaria.edu.ar\/memc\/wp-content\/uploads\/2024\/11\/PODCAST-BANNER-768x113.jpg 768w\" sizes=\"(max-width: 1024px) 100vw, 1024px\" \/>\t\t\t\t\t\t\t\t<\/a>\n\t\t\t\t\t\t\t\t\t\t\t\t\t\t\t<\/div>\n\t\t\t\t<\/div>\n\t\t\t\t\t<\/div>\n\t\t<\/div>\n\t\t\t\t\t<\/div>\n\t\t<\/section>\n\t\t\t\t<\/div>\n\t\t","protected":false},"excerpt":{"rendered":"<p>Hola!! te estaba esperando, sab\u00edas que ibas a venir, te estaba viendo desde ac\u00e1 arriba&#8230; Tambi\u00e9n vi como te asombraste y brillaron tus ojos, y cuando llegaste a la zona de los Ambientes de C\u00f3rdoba,\u00a0 viste cu\u00e1ntos te estamos esperando para contarte lo que sabemos?\u00a0 Me encanta hacer nuevos amigos,\u00a0 y que nos relacionemos, como [&hellip;]<\/p>\n","protected":false},"author":2,"featured_media":0,"parent":0,"menu_order":0,"comment_status":"closed","ping_status":"closed","template":"elementor_header_footer","meta":{"footnotes":""},"class_list":["post-3003","page","type-page","status-publish","hentry"],"_links":{"self":[{"href":"https:\/\/colegiodemaria.edu.ar\/memc\/wp-json\/wp\/v2\/pages\/3003","targetHints":{"allow":["GET"]}}],"collection":[{"href":"https:\/\/colegiodemaria.edu.ar\/memc\/wp-json\/wp\/v2\/pages"}],"about":[{"href":"https:\/\/colegiodemaria.edu.ar\/memc\/wp-json\/wp\/v2\/types\/page"}],"author":[{"embeddable":true,"href":"https:\/\/colegiodemaria.edu.ar\/memc\/wp-json\/wp\/v2\/users\/2"}],"replies":[{"embeddable":true,"href":"https:\/\/colegiodemaria.edu.ar\/memc\/wp-json\/wp\/v2\/comments?post=3003"}],"version-history":[{"count":13,"href":"https:\/\/colegiodemaria.edu.ar\/memc\/wp-json\/wp\/v2\/pages\/3003\/revisions"}],"predecessor-version":[{"id":3141,"href":"https:\/\/colegiodemaria.edu.ar\/memc\/wp-json\/wp\/v2\/pages\/3003\/revisions\/3141"}],"wp:attachment":[{"href":"https:\/\/colegiodemaria.edu.ar\/memc\/wp-json\/wp\/v2\/media?parent=3003"}],"curies":[{"name":"wp","href":"https:\/\/api.w.org\/{rel}","templated":true}]}}