{"id":2974,"date":"2023-05-16T11:32:14","date_gmt":"2023-05-16T14:32:14","guid":{"rendered":"http:\/\/colegiodemaria.edu.ar\/memc\/?page_id=2974"},"modified":"2024-11-28T11:13:34","modified_gmt":"2024-11-28T14:13:34","slug":"coleccion-paleontologica","status":"publish","type":"page","link":"https:\/\/colegiodemaria.edu.ar\/memc\/coleccion-paleontologica\/","title":{"rendered":"Colecci\u00f3n Paleontol\u00f3gica"},"content":{"rendered":"\t\t<div data-elementor-type=\"wp-page\" data-elementor-id=\"2974\" class=\"elementor elementor-2974\">\n\t\t\t\t\t\t<section class=\"elementor-section elementor-top-section elementor-element elementor-element-cd59be3 elementor-section-boxed elementor-section-height-default elementor-section-height-default\" data-id=\"cd59be3\" data-element_type=\"section\" data-e-type=\"section\">\n\t\t\t\t\t\t<div class=\"elementor-container elementor-column-gap-default\">\n\t\t\t\t\t<div class=\"elementor-column elementor-col-100 elementor-top-column elementor-element elementor-element-790b9c3\" data-id=\"790b9c3\" data-element_type=\"column\" data-e-type=\"column\" data-settings=\"{&quot;background_background&quot;:&quot;classic&quot;}\">\n\t\t\t<div class=\"elementor-widget-wrap elementor-element-populated\">\n\t\t\t\t\t\t<div class=\"elementor-element elementor-element-8009bb9 elementor-widget elementor-widget-image\" data-id=\"8009bb9\" data-element_type=\"widget\" data-e-type=\"widget\" data-widget_type=\"image.default\">\n\t\t\t\t<div class=\"elementor-widget-container\">\n\t\t\t\t\t\t\t\t\t\t\t\t\t\t\t<img fetchpriority=\"high\" decoding=\"async\" width=\"750\" height=\"156\" src=\"https:\/\/colegiodemaria.edu.ar\/memc\/wp-content\/uploads\/2023\/05\/btn-paleon-1024x213.png\" class=\"attachment-large size-large wp-image-2969\" alt=\"\" srcset=\"https:\/\/colegiodemaria.edu.ar\/memc\/wp-content\/uploads\/2023\/05\/btn-paleon-1024x213.png 1024w, https:\/\/colegiodemaria.edu.ar\/memc\/wp-content\/uploads\/2023\/05\/btn-paleon-300x62.png 300w, https:\/\/colegiodemaria.edu.ar\/memc\/wp-content\/uploads\/2023\/05\/btn-paleon-768x160.png 768w, https:\/\/colegiodemaria.edu.ar\/memc\/wp-content\/uploads\/2023\/05\/btn-paleon.png 1410w\" sizes=\"(max-width: 750px) 100vw, 750px\" \/>\t\t\t\t\t\t\t\t\t\t\t\t\t\t\t<\/div>\n\t\t\t\t<\/div>\n\t\t\t\t\t<\/div>\n\t\t<\/div>\n\t\t\t\t\t<\/div>\n\t\t<\/section>\n\t\t\t\t<section class=\"elementor-section elementor-top-section elementor-element elementor-element-793f476 elementor-section-boxed elementor-section-height-default elementor-section-height-default\" data-id=\"793f476\" data-element_type=\"section\" data-e-type=\"section\">\n\t\t\t\t\t\t<div class=\"elementor-container elementor-column-gap-default\">\n\t\t\t\t\t<div class=\"elementor-column elementor-col-50 elementor-top-column elementor-element elementor-element-6ac7daf\" data-id=\"6ac7daf\" data-element_type=\"column\" data-e-type=\"column\">\n\t\t\t<div class=\"elementor-widget-wrap elementor-element-populated\">\n\t\t\t\t\t\t<div class=\"elementor-element elementor-element-1cb080a elementor-widget elementor-widget-text-editor\" data-id=\"1cb080a\" data-element_type=\"widget\" data-e-type=\"widget\" data-widget_type=\"text-editor.default\">\n\t\t\t\t<div class=\"elementor-widget-container\">\n\t\t\t\t\t\t\t\t\t<p><span style=\"font-weight: 400;\">Hola \u00bfC\u00f3mo est\u00e1n? Soy Don, un f\u00f3sil que lleg\u00f3 al museo porque\u00a0 un millonario me compr\u00f3 y luego se enter\u00f3 que era ilegal, entonces me trajo al museo. He sobrevivido incontables tragedias de camino hacia aqu\u00ed, no puedo creer todav\u00eda que les pueda contar esto y estar ac\u00e1 millones de a\u00f1os despu\u00e9s y viajando desde lejos!.<\/span><\/p><p><span style=\"font-weight: 400;\">Al hablar sobre mis an\u00e9cdotas, tambi\u00e9n es cierto que he perdido de vista muchos amigos, y por momentos me pongo melanc\u00f3lico pensando en\u00a0 mi inmortalidad, como pude sobrevivir miles y miles de a\u00f1os, y ahora poder estar ac\u00e1 con ustedes!<\/span><\/p><p><span style=\"font-weight: 400;\">\u00a0Adem\u00e1s, cuando llegu\u00e9 al museo, lo que menos planeaba era enamorarme, hasta que la v\u00ed\u2026 es de C\u00f3rdoba me han dicho, la vi perfecta, cada cent\u00edmetro de ella reluc\u00eda,\u00a0 ambiciosa y l\u00edder, sab\u00eda lo que quer\u00eda y har\u00eda cualquier cosa con tal de lograr sus objetivos. \u00bfSe dieron cuenta de quien hablo?<\/span><\/p><p><span style=\"font-weight: 400;\">\u00a0Mi trabajo en el museo es la docencia, me especializo en el \u00e1rea de<\/span><b> paleontolog\u00eda<\/b><span style=\"font-weight: 400;\">, podr\u00e1 sonar un poco aburrido,\u00a0 pero esta es mi pasi\u00f3n. Llegar al museo es una de las cosas m\u00e1s linda que me ha pasado en los \u00faltimos miles de a\u00f1os, porque puedo disfrutar de nuevos amigos y contar con ustedes que vienen a verme con curiosidad!.\u00a0<\/span><\/p>\t\t\t\t\t\t\t\t<\/div>\n\t\t\t\t<\/div>\n\t\t\t\t\t<\/div>\n\t\t<\/div>\n\t\t\t\t<div class=\"elementor-column elementor-col-50 elementor-top-column elementor-element elementor-element-471e9ea\" data-id=\"471e9ea\" data-element_type=\"column\" data-e-type=\"column\">\n\t\t\t<div class=\"elementor-widget-wrap elementor-element-populated\">\n\t\t\t\t\t\t<div class=\"elementor-element elementor-element-0861b04 elementor-widget elementor-widget-image\" data-id=\"0861b04\" data-element_type=\"widget\" data-e-type=\"widget\" data-widget_type=\"image.default\">\n\t\t\t\t<div class=\"elementor-widget-container\">\n\t\t\t\t\t\t\t\t\t\t\t\t\t\t\t<img decoding=\"async\" width=\"750\" height=\"750\" src=\"https:\/\/colegiodemaria.edu.ar\/memc\/wp-content\/uploads\/2024\/09\/don-2024-1024x1024.png\" class=\"attachment-large size-large wp-image-3067\" alt=\"\" srcset=\"https:\/\/colegiodemaria.edu.ar\/memc\/wp-content\/uploads\/2024\/09\/don-2024-1024x1024.png 1024w, https:\/\/colegiodemaria.edu.ar\/memc\/wp-content\/uploads\/2024\/09\/don-2024-300x300.png 300w, https:\/\/colegiodemaria.edu.ar\/memc\/wp-content\/uploads\/2024\/09\/don-2024-150x150.png 150w, https:\/\/colegiodemaria.edu.ar\/memc\/wp-content\/uploads\/2024\/09\/don-2024-768x768.png 768w, https:\/\/colegiodemaria.edu.ar\/memc\/wp-content\/uploads\/2024\/09\/don-2024.png 1080w\" sizes=\"(max-width: 750px) 100vw, 750px\" \/>\t\t\t\t\t\t\t\t\t\t\t\t\t\t\t<\/div>\n\t\t\t\t<\/div>\n\t\t\t\t\t<\/div>\n\t\t<\/div>\n\t\t\t\t\t<\/div>\n\t\t<\/section>\n\t\t\t\t<section class=\"elementor-section elementor-top-section elementor-element elementor-element-542cd61 elementor-section-boxed elementor-section-height-default elementor-section-height-default\" data-id=\"542cd61\" data-element_type=\"section\" data-e-type=\"section\">\n\t\t\t\t\t\t<div class=\"elementor-container elementor-column-gap-default\">\n\t\t\t\t\t<div class=\"elementor-column elementor-col-100 elementor-top-column elementor-element elementor-element-98dda3b\" data-id=\"98dda3b\" data-element_type=\"column\" data-e-type=\"column\">\n\t\t\t<div class=\"elementor-widget-wrap elementor-element-populated\">\n\t\t\t\t\t\t<div class=\"elementor-element elementor-element-fb67586 elementor-widget elementor-widget-image\" data-id=\"fb67586\" data-element_type=\"widget\" data-e-type=\"widget\" data-widget_type=\"image.default\">\n\t\t\t\t<div class=\"elementor-widget-container\">\n\t\t\t\t\t\t\t\t\t\t\t\t\t\t\t\t<a href=\"https:\/\/colegiodemaria.edu.ar\/memc\/podcasts\/\">\n\t\t\t\t\t\t\t<img decoding=\"async\" width=\"750\" height=\"110\" src=\"https:\/\/colegiodemaria.edu.ar\/memc\/wp-content\/uploads\/2024\/11\/PODCAST-BANNER.jpg\" class=\"attachment-large size-large wp-image-3074\" alt=\"\" srcset=\"https:\/\/colegiodemaria.edu.ar\/memc\/wp-content\/uploads\/2024\/11\/PODCAST-BANNER.jpg 1024w, https:\/\/colegiodemaria.edu.ar\/memc\/wp-content\/uploads\/2024\/11\/PODCAST-BANNER-300x44.jpg 300w, https:\/\/colegiodemaria.edu.ar\/memc\/wp-content\/uploads\/2024\/11\/PODCAST-BANNER-768x113.jpg 768w\" sizes=\"(max-width: 750px) 100vw, 750px\" \/>\t\t\t\t\t\t\t\t<\/a>\n\t\t\t\t\t\t\t\t\t\t\t\t\t\t\t<\/div>\n\t\t\t\t<\/div>\n\t\t\t\t\t<\/div>\n\t\t<\/div>\n\t\t\t\t\t<\/div>\n\t\t<\/section>\n\t\t\t\t<section class=\"elementor-section elementor-top-section elementor-element elementor-element-8741aa1 elementor-section-boxed elementor-section-height-default elementor-section-height-default\" data-id=\"8741aa1\" data-element_type=\"section\" data-e-type=\"section\">\n\t\t\t\t\t\t<div class=\"elementor-container elementor-column-gap-default\">\n\t\t\t\t\t<div class=\"elementor-column elementor-col-100 elementor-top-column elementor-element elementor-element-fce764a\" data-id=\"fce764a\" data-element_type=\"column\" data-e-type=\"column\">\n\t\t\t<div class=\"elementor-widget-wrap\">\n\t\t\t\t\t\t\t<\/div>\n\t\t<\/div>\n\t\t\t\t\t<\/div>\n\t\t<\/section>\n\t\t\t\t<\/div>\n\t\t","protected":false},"excerpt":{"rendered":"<p>Hola \u00bfC\u00f3mo est\u00e1n? Soy Don, un f\u00f3sil que lleg\u00f3 al museo porque\u00a0 un millonario me compr\u00f3 y luego se enter\u00f3 que era ilegal, entonces me trajo al museo. He sobrevivido incontables tragedias de camino hacia aqu\u00ed, no puedo creer todav\u00eda que les pueda contar esto y estar ac\u00e1 millones de a\u00f1os despu\u00e9s y viajando desde [&hellip;]<\/p>\n","protected":false},"author":2,"featured_media":0,"parent":0,"menu_order":0,"comment_status":"closed","ping_status":"closed","template":"elementor_header_footer","meta":{"footnotes":""},"class_list":["post-2974","page","type-page","status-publish","hentry"],"_links":{"self":[{"href":"https:\/\/colegiodemaria.edu.ar\/memc\/wp-json\/wp\/v2\/pages\/2974","targetHints":{"allow":["GET"]}}],"collection":[{"href":"https:\/\/colegiodemaria.edu.ar\/memc\/wp-json\/wp\/v2\/pages"}],"about":[{"href":"https:\/\/colegiodemaria.edu.ar\/memc\/wp-json\/wp\/v2\/types\/page"}],"author":[{"embeddable":true,"href":"https:\/\/colegiodemaria.edu.ar\/memc\/wp-json\/wp\/v2\/users\/2"}],"replies":[{"embeddable":true,"href":"https:\/\/colegiodemaria.edu.ar\/memc\/wp-json\/wp\/v2\/comments?post=2974"}],"version-history":[{"count":13,"href":"https:\/\/colegiodemaria.edu.ar\/memc\/wp-json\/wp\/v2\/pages\/2974\/revisions"}],"predecessor-version":[{"id":3147,"href":"https:\/\/colegiodemaria.edu.ar\/memc\/wp-json\/wp\/v2\/pages\/2974\/revisions\/3147"}],"wp:attachment":[{"href":"https:\/\/colegiodemaria.edu.ar\/memc\/wp-json\/wp\/v2\/media?parent=2974"}],"curies":[{"name":"wp","href":"https:\/\/api.w.org\/{rel}","templated":true}]}}