{"id":2800,"date":"2020-08-10T11:30:59","date_gmt":"2020-08-10T14:30:59","guid":{"rendered":"http:\/\/colegiodemaria.edu.ar\/memc\/?page_id=2800"},"modified":"2020-08-10T11:32:36","modified_gmt":"2020-08-10T14:32:36","slug":"proyecto-iman-verde-cm-2020","status":"publish","type":"page","link":"https:\/\/colegiodemaria.edu.ar\/memc\/proyecto-iman-verde-cm-2020\/","title":{"rendered":"PROYECTO IM\u00c1N VERDE CM 2020"},"content":{"rendered":"\n<p>5\u00ba A\u00d1O A &#8211; ORIENTACI\u00d3N NATURALES<br>PROFESORES: M. GABRIELA RIZO PATR\u00d3N \/ GEORGINA PUSSETTO<\/p>\n\n\n\n<h4 class=\"wp-block-heading\">NATURALEZA<\/h4>\n\n\n\n<p><strong>Antecedentes y descripci\u00f3n<\/strong><\/p>\n\n\n\n<p>Im\u00e1n Verde es un proyecto que nace a partir de la propuesta de \u201cEscuela de Valores\u201d, denominada \u201cHagamos Campa\u00f1a\u201d, en el a\u00f1o 2019. Si bien en un principio estuvo acotado a un curso: 5\u00ba A, y a dos espacios curriculares: Ciencia, tecnolog\u00eda y \u00e9tica y Ciencias de la Tierra, la propuesta fue creciendo e incorporando nuevos espacios, encarnando una \u201casignatura pendiente\u201d que era la sistematizaci\u00f3n de las distintas actividades, desarrolladas en el Colegio de Mar\u00eda, en relaci\u00f3n al cuidado del ambiente y la promoci\u00f3n de una vida saludable.<\/p>\n\n\n\n<p>El a\u00f1o 2019 finaliz\u00f3 con muchos logros, no s\u00f3lo por la conquista de menciones y premios de \u201cHagamos Campa\u00f1a\u201d, sino tambi\u00e9n, por haberse convertido en un referente al momento de acciones de promoci\u00f3n y difusi\u00f3n a trav\u00e9s de su cuenta y charlas informativas, y acciones de prevenci\u00f3n uniendo el cuidado del ambiente con fines solidarios. As\u00ed surgi\u00f3 la participaci\u00f3n de la Marat\u00f3n del Papel del Hospital Infantil y la recolecci\u00f3n de materiales para el reciclado colaborando con la Fundaci\u00f3n del Padre Oberlin y diferentes personas que utilizaron esos insumos\u2026 un verdadero reflejo de un sello del Colegio de Mar\u00eda: \u201cAl paso que se trabaja, se ama\u201d.<\/p>\n\n\n\n<p>Es por esto, que se decide la \u201cinstitucionalizaci\u00f3n\u201d de Im\u00e1n Verde, que desde su inicio se propuso <em>\u201cactuar de la misma manera que lo hace un im\u00e1n: nosotros, los alumnos, quer\u00edamos ser la parte positiva y atraer lo negativo, como el uso indiscriminado de los recursos, hacia nosotros, transform\u00e1ndolo, de forma que las personas que nos sigan se sientan atra\u00eddas por este im\u00e1n hacia una vida m\u00e1s sustentable y consiente de la importancia del cuidado de nuestros recursos\u201d1<\/em>. Ahora Im\u00e1n Verde CM pertenece al Colegio de Mar\u00eda, en sus distintos niveles, coordinado desde 5\u00ba y 6\u00ba a\u00f1os, desde distintos espacios curriculares.<\/p>\n\n\n\n<p><strong>\u00bfCu\u00e1l ser\u00e1 la \u201chuella digital\u201d de Im\u00e1n Verde CM 2020?<\/strong><\/p>\n\n\n\n<div class=\"wp-block-image\"><figure class=\"alignright size-large\"><img fetchpriority=\"high\" decoding=\"async\" width=\"254\" height=\"299\" src=\"http:\/\/colegiodemaria.edu.ar\/memc\/wp-content\/uploads\/2020\/08\/image.png\" alt=\"\" class=\"wp-image-2801\"\/><\/figure><\/div>\n\n\n\n<p>Im\u00e1n Verde es un claro ejemplo de c\u00f3mo a trav\u00e9s de la tecnolog\u00eda se puede hacer un cambio, concientizando por medio de las redes sociales, para crear un impacto en los j\u00f3venes y adultos por la red social Instagram.<\/p>\n\n\n\n<p>Im\u00e1n verde 2020 continuar\u00e1 promoviendo el cuidado no s\u00f3lo del ambiente, sino tambi\u00e9n para evitar la propagaci\u00f3n del virus con el que se est\u00e1 conviviendo. Se prestar\u00e1 atenci\u00f3n a los diferentes cambios en el ambiente que gener\u00f3 la pandemia en este tiempo de aislamiento social y se trabajar\u00e1 desde el hogar para continuar con propuestas para reparar y restaurarlo: \u201cpeque\u00f1as acciones buscando generar un cambio\u201d.<\/p>\n\n\n\n<p>A partir de la invitaci\u00f3n para formar parte nuevamente de \u201cHagamos Campa\u00f1a\u201d de la Escuela de Valores, \u00e9ste a\u00f1o Im\u00e1n Verde se propuso generar \u201cC\u00c1PSULAS POSITIVAS PARA UN AMBIENTE SALUDABLE\u201d, con el prop\u00f3sito de hacer llegar un mensaje alentador en medio de la situaci\u00f3n de crisis por la pandemia de Covid 19 y el aislamiento preventivo.<\/p>\n\n\n\n<p><strong>Fundamentaci\u00f3n<\/strong><\/p>\n\n\n\n<p>El planeta y la humanidad atraviesan graves conflictos que ponen en riesgo la continuidad de la vida c\u00f3mo se conoce. Agotamiento de recursos, acumulaci\u00f3n de la basura, contaminaci\u00f3n de aire, agua y suelos, procesos de desertificaci\u00f3n, p\u00e9rdida de la biodiversidad son algunos de los problemas que se enfrentan y que hacen necesario un cambio de conducta en el ser humano.<\/p>\n\n\n\n<p>Todo cambio implica no s\u00f3lo la informaci\u00f3n sino tambi\u00e9n la reflexi\u00f3n sobre cu\u00e1les son los valores que est\u00e1n juego. Es necesario poder comenzar el proceso y hacerlo de forma comunitaria, y que de ni\u00f1os se trabaje por la concientizaci\u00f3n sobre el cuidado del planeta y el da\u00f1o que le puede ocasionar el ser humano.<\/p>\n\n\n\n<p>Es evidente que las personas no toman dimensi\u00f3n de las acciones que da\u00f1an al planeta, por m\u00e1s simples que sean. Por estas razones surge este proyecto, aportando su granito de arena. J\u00f3venes que a partir de su intenci\u00f3n de lograr cambios, son los primeros en transformarse en motores de la transformaci\u00f3n. Las propuestas de Im\u00e1n verde son m\u00e1s que necesarias y convenientes para los humanos y todo el planeta; y hacerlo a trav\u00e9s de las redes busca amplificar su impacto generando conciencia.<\/p>\n\n\n\n<p><strong>Finalidad<\/strong><\/p>\n\n\n\n<p>Im\u00e1n verde promueve la concientizaci\u00f3n, a trav\u00e9s de acciones que favorecen la participaci\u00f3n de la sociedad en la protecci\u00f3n del medio ambiente. Se pretende incentivar de tal modo que atraiga personas para que cada uno aporte y finalmente todos puedan colaborar.<\/p>\n\n\n\n<ul class=\"wp-block-list\"><li>Mediante charlas informativas, campa\u00f1as de reciclaje, juntando tapitas\u2026 y no solamente encarg\u00e1ndose de dar a conocer informaci\u00f3n sobre el planeta, sino accionando y mostr\u00e1ndole a las personas que existen fundaciones sin fines de lucro para formar una comunidad sustentable, para mejorar h\u00e1bitos mediante educaci\u00f3n ambiental y que promuevan el cuidado del ambiente. Si se quiere vivir bien, hay que valorar, cuidar y accionar para mejorar el mundo, entonces se analizan situaciones, y sugieren ideas para que cada uno desde su casa, trabajo o donde sea, aplique en su vida diaria\u2026 todas esas peque\u00f1as acciones logran generar un gran cambio positivo. En conclusi\u00f3n, se busca que las personas vean que el cambio y mejora parte de cada uno, y mientras m\u00e1s personas se sumen\u2026 mejor ser\u00e1 el impacto generado.<\/li><\/ul>\n\n\n\n<p><strong>Objetivos<\/strong><\/p>\n\n\n\n<ul class=\"wp-block-list\"><li>Promover una actitud de cuidado del ambiente en la comunidad del Colegio de Mar\u00eda y en cada uno de los hogares, haciendo del Colegio un \u201cpunto verde\u201d del barrio General Paz.<\/li><li>Proponer acciones \u201camigables con el ambiente\u201d, para realizarse tanto institucionalmente, en el barrio y en los hogares.<\/li><li>Establecer v\u00ednculos de cooperaci\u00f3n con otras instituciones y fundaciones, estableciendo un sentido de solidaridad en las acciones que se emprendan.<\/li><li>Fomentar un estilo de vida saludable en todas sus dimensiones, promoviendo una cultura ambiental que permita el establecimiento de buenos h\u00e1bitos, con ayuda de una buena educaci\u00f3n, en donde se explique la importancia del ambiente.<\/li><li>Aportar contenidos enriquecedores a trav\u00e9s de sus \u201cc\u00e1psulas positivas para un ambiente saludable\u201d<\/li><li>Informar a trav\u00e9s de las redes y charlas, sobre sobre las consecuencias a corto y largo plazo. de la contaminaci\u00f3n y la destrucci\u00f3n de los h\u00e1bitats naturales.<\/li><li>Incrementar la cantidad de seguidores en las redes para poder alcanzar a m\u00e1s gente interesada en cuidar el medio ambiente.<\/li><li>Concientizar e informar sobre la importancia que tiene cuidarnos para evitar el contagio de Covid-19.<\/li><li>Estimular a que se utilicen productos biodegradables y se reduzca el consumo de descartables en la vida cotidiana.<\/li><li>Concientizar sobre el da\u00f1o que sufren los animales por la p\u00e9rdida de h\u00e1bitat, ya sea por incendios causados por cigarrillos, las talas de \u00e1rboles para las industrias, o por los cambios clim\u00e1ticos generados por la contaminaci\u00f3n atmosf\u00e9rica.<\/li><li>Impulsar la lucha por un ambiente sano exigiendo a los gobiernos (o a corporaciones) medidas efectivas para solucionar los problemas ambientales: degradaci\u00f3n ecol\u00f3gica, pobreza, agotamiento de recursos.<\/li><\/ul>\n\n\n\n<h4 class=\"wp-block-heading\">ESPECIFICACI\u00d3N OPERACIONAL<\/h4>\n\n\n\n<p><strong>Organigrama<\/strong><\/p>\n\n\n\n<figure class=\"wp-block-image size-large\"><img decoding=\"async\" width=\"720\" height=\"297\" src=\"http:\/\/colegiodemaria.edu.ar\/memc\/wp-content\/uploads\/2020\/08\/image-1.png\" alt=\"\" class=\"wp-image-2802\" srcset=\"https:\/\/colegiodemaria.edu.ar\/memc\/wp-content\/uploads\/2020\/08\/image-1.png 720w, https:\/\/colegiodemaria.edu.ar\/memc\/wp-content\/uploads\/2020\/08\/image-1-300x124.png 300w\" sizes=\"(max-width: 720px) 100vw, 720px\" \/><\/figure>\n\n\n\n<p><strong>L\u00edneas de acci\u00f3n<\/strong><\/p>\n\n\n\n<figure class=\"wp-block-image size-large\"><img decoding=\"async\" width=\"1024\" height=\"559\" src=\"http:\/\/colegiodemaria.edu.ar\/memc\/wp-content\/uploads\/2020\/08\/imanVerde-lineas-accion-1024x559.jpg\" alt=\"\" class=\"wp-image-2803\" srcset=\"https:\/\/colegiodemaria.edu.ar\/memc\/wp-content\/uploads\/2020\/08\/imanVerde-lineas-accion-1024x559.jpg 1024w, https:\/\/colegiodemaria.edu.ar\/memc\/wp-content\/uploads\/2020\/08\/imanVerde-lineas-accion-300x164.jpg 300w, https:\/\/colegiodemaria.edu.ar\/memc\/wp-content\/uploads\/2020\/08\/imanVerde-lineas-accion-768x419.jpg 768w, https:\/\/colegiodemaria.edu.ar\/memc\/wp-content\/uploads\/2020\/08\/imanVerde-lineas-accion-1536x838.jpg 1536w, https:\/\/colegiodemaria.edu.ar\/memc\/wp-content\/uploads\/2020\/08\/imanVerde-lineas-accion-2048x1118.jpg 2048w\" sizes=\"(max-width: 1024px) 100vw, 1024px\" \/><\/figure>\n","protected":false},"excerpt":{"rendered":"<p>5\u00ba A\u00d1O A &#8211; ORIENTACI\u00d3N NATURALESPROFESORES: M. GABRIELA RIZO PATR\u00d3N \/ GEORGINA PUSSETTO NATURALEZA Antecedentes y descripci\u00f3n Im\u00e1n Verde es un proyecto que nace a partir de la propuesta de \u201cEscuela de Valores\u201d, denominada \u201cHagamos Campa\u00f1a\u201d, en el a\u00f1o 2019. Si bien en un principio estuvo acotado a un curso: 5\u00ba A, y a dos [&hellip;]<\/p>\n","protected":false},"author":3,"featured_media":0,"parent":0,"menu_order":0,"comment_status":"closed","ping_status":"closed","template":"","meta":{"footnotes":""},"class_list":["post-2800","page","type-page","status-publish","hentry"],"_links":{"self":[{"href":"https:\/\/colegiodemaria.edu.ar\/memc\/wp-json\/wp\/v2\/pages\/2800","targetHints":{"allow":["GET"]}}],"collection":[{"href":"https:\/\/colegiodemaria.edu.ar\/memc\/wp-json\/wp\/v2\/pages"}],"about":[{"href":"https:\/\/colegiodemaria.edu.ar\/memc\/wp-json\/wp\/v2\/types\/page"}],"author":[{"embeddable":true,"href":"https:\/\/colegiodemaria.edu.ar\/memc\/wp-json\/wp\/v2\/users\/3"}],"replies":[{"embeddable":true,"href":"https:\/\/colegiodemaria.edu.ar\/memc\/wp-json\/wp\/v2\/comments?post=2800"}],"version-history":[{"count":3,"href":"https:\/\/colegiodemaria.edu.ar\/memc\/wp-json\/wp\/v2\/pages\/2800\/revisions"}],"predecessor-version":[{"id":2807,"href":"https:\/\/colegiodemaria.edu.ar\/memc\/wp-json\/wp\/v2\/pages\/2800\/revisions\/2807"}],"wp:attachment":[{"href":"https:\/\/colegiodemaria.edu.ar\/memc\/wp-json\/wp\/v2\/media?parent=2800"}],"curies":[{"name":"wp","href":"https:\/\/api.w.org\/{rel}","templated":true}]}}