{"id":2147,"date":"2020-06-18T17:10:35","date_gmt":"2020-06-18T20:10:35","guid":{"rendered":"http:\/\/colegiodemaria.edu.ar\/memc\/?page_id=2147"},"modified":"2020-06-29T15:35:29","modified_gmt":"2020-06-29T18:35:29","slug":"quienes-somos","status":"publish","type":"page","link":"https:\/\/colegiodemaria.edu.ar\/memc\/quienes-somos\/","title":{"rendered":"Qui\u00e9nes somos: historias, patrimonios y sue\u00f1os"},"content":{"rendered":"\t\t<div data-elementor-type=\"wp-page\" data-elementor-id=\"2147\" class=\"elementor elementor-2147\">\n\t\t\t\t\t\t<section class=\"elementor-section elementor-top-section elementor-element elementor-element-d9cc28f elementor-section-boxed elementor-section-height-default elementor-section-height-default\" data-id=\"d9cc28f\" data-element_type=\"section\" data-e-type=\"section\">\n\t\t\t\t\t\t<div class=\"elementor-container elementor-column-gap-default\">\n\t\t\t\t\t<div class=\"elementor-column elementor-col-100 elementor-top-column elementor-element elementor-element-c654801\" data-id=\"c654801\" data-element_type=\"column\" data-e-type=\"column\">\n\t\t\t<div class=\"elementor-widget-wrap elementor-element-populated\">\n\t\t\t\t\t\t<div class=\"elementor-element elementor-element-624fd0f elementor-widget elementor-widget-text-editor\" data-id=\"624fd0f\" data-element_type=\"widget\" data-e-type=\"widget\" data-widget_type=\"text-editor.default\">\n\t\t\t\t<div class=\"elementor-widget-container\">\n\t\t\t\t\t\t\t\t\t<p>La propuesta\u00a0 que aqu\u00ed realizamos enlaza la conceptualizaci\u00f3n del patrimonio como construcci\u00f3n social, las materialidades como partes constitutivas de redes relacionales y los museos como espacios donde se narran muchas historias que hacen pensar y alimentan la reflexi\u00f3n cr\u00edtica y en donde se trasciende el relato de historias absolutas.<\/p>\t\t\t\t\t\t\t\t<\/div>\n\t\t\t\t<\/div>\n\t\t\t\t\t<\/div>\n\t\t<\/div>\n\t\t\t\t\t<\/div>\n\t\t<\/section>\n\t\t\t\t<section class=\"elementor-section elementor-top-section elementor-element elementor-element-5e792fd elementor-section-boxed elementor-section-height-default elementor-section-height-default\" data-id=\"5e792fd\" data-element_type=\"section\" data-e-type=\"section\">\n\t\t\t\t\t\t<div class=\"elementor-container elementor-column-gap-default\">\n\t\t\t\t\t<div class=\"elementor-column elementor-col-50 elementor-top-column elementor-element elementor-element-8945110\" data-id=\"8945110\" data-element_type=\"column\" data-e-type=\"column\">\n\t\t\t<div class=\"elementor-widget-wrap elementor-element-populated\">\n\t\t\t\t\t\t<div class=\"elementor-element elementor-element-b320d77 elementor-widget elementor-widget-text-editor\" data-id=\"b320d77\" data-element_type=\"widget\" data-e-type=\"widget\" data-widget_type=\"text-editor.default\">\n\t\t\t\t<div class=\"elementor-widget-container\">\n\t\t\t\t\t\t\t\t\t<p>La muestra que se propone supone ir m\u00e1s all\u00e1 de los objetos materiales en s\u00ed mismos, busca presentar diferentes contextos que les dan sentido a esos objetos, contextos que incluyen sujetos, geograf\u00edas interpeladas de modo diferente, escenarios, situaciones o acontecimientos individuales y colectivos.<\/p>\t\t\t\t\t\t\t\t<\/div>\n\t\t\t\t<\/div>\n\t\t\t\t\t<\/div>\n\t\t<\/div>\n\t\t\t\t<div class=\"elementor-column elementor-col-50 elementor-top-column elementor-element elementor-element-538dfab\" data-id=\"538dfab\" data-element_type=\"column\" data-e-type=\"column\">\n\t\t\t<div class=\"elementor-widget-wrap elementor-element-populated\">\n\t\t\t\t\t\t<div class=\"elementor-element elementor-element-1188369 elementor-widget elementor-widget-image\" data-id=\"1188369\" data-element_type=\"widget\" data-e-type=\"widget\" data-widget_type=\"image.default\">\n\t\t\t\t<div class=\"elementor-widget-container\">\n\t\t\t\t\t\t\t\t\t\t\t\t\t\t\t<img fetchpriority=\"high\" decoding=\"async\" width=\"750\" height=\"355\" src=\"https:\/\/colegiodemaria.edu.ar\/memc\/wp-content\/uploads\/2020\/06\/20191018_193724-1024x485.jpg\" class=\"attachment-large size-large wp-image-2119\" alt=\"\" srcset=\"https:\/\/colegiodemaria.edu.ar\/memc\/wp-content\/uploads\/2020\/06\/20191018_193724-1024x485.jpg 1024w, https:\/\/colegiodemaria.edu.ar\/memc\/wp-content\/uploads\/2020\/06\/20191018_193724-300x142.jpg 300w, https:\/\/colegiodemaria.edu.ar\/memc\/wp-content\/uploads\/2020\/06\/20191018_193724-768x363.jpg 768w, https:\/\/colegiodemaria.edu.ar\/memc\/wp-content\/uploads\/2020\/06\/20191018_193724-1536x727.jpg 1536w, https:\/\/colegiodemaria.edu.ar\/memc\/wp-content\/uploads\/2020\/06\/20191018_193724-2048x969.jpg 2048w\" sizes=\"(max-width: 750px) 100vw, 750px\" \/>\t\t\t\t\t\t\t\t\t\t\t\t\t\t\t<\/div>\n\t\t\t\t<\/div>\n\t\t\t\t\t<\/div>\n\t\t<\/div>\n\t\t\t\t\t<\/div>\n\t\t<\/section>\n\t\t\t\t<section class=\"elementor-section elementor-top-section elementor-element elementor-element-e7576e8 elementor-section-boxed elementor-section-height-default elementor-section-height-default\" data-id=\"e7576e8\" data-element_type=\"section\" data-e-type=\"section\">\n\t\t\t\t\t\t<div class=\"elementor-container elementor-column-gap-default\">\n\t\t\t\t\t<div class=\"elementor-column elementor-col-50 elementor-top-column elementor-element elementor-element-d05af8a\" data-id=\"d05af8a\" data-element_type=\"column\" data-e-type=\"column\">\n\t\t\t<div class=\"elementor-widget-wrap elementor-element-populated\">\n\t\t\t\t\t\t<div class=\"elementor-element elementor-element-778d6f3 elementor-widget elementor-widget-image\" data-id=\"778d6f3\" data-element_type=\"widget\" data-e-type=\"widget\" data-widget_type=\"image.default\">\n\t\t\t\t<div class=\"elementor-widget-container\">\n\t\t\t\t\t\t\t\t\t\t\t\t\t\t\t<img decoding=\"async\" width=\"750\" height=\"1000\" src=\"https:\/\/colegiodemaria.edu.ar\/memc\/wp-content\/uploads\/2020\/06\/20191018_223523-768x1024.jpg\" class=\"attachment-large size-large wp-image-1639\" alt=\"\" srcset=\"https:\/\/colegiodemaria.edu.ar\/memc\/wp-content\/uploads\/2020\/06\/20191018_223523-768x1024.jpg 768w, https:\/\/colegiodemaria.edu.ar\/memc\/wp-content\/uploads\/2020\/06\/20191018_223523-225x300.jpg 225w, https:\/\/colegiodemaria.edu.ar\/memc\/wp-content\/uploads\/2020\/06\/20191018_223523-1152x1536.jpg 1152w, https:\/\/colegiodemaria.edu.ar\/memc\/wp-content\/uploads\/2020\/06\/20191018_223523-1536x2048.jpg 1536w, https:\/\/colegiodemaria.edu.ar\/memc\/wp-content\/uploads\/2020\/06\/20191018_223523-scaled.jpg 1920w\" sizes=\"(max-width: 750px) 100vw, 750px\" \/>\t\t\t\t\t\t\t\t\t\t\t\t\t\t\t<\/div>\n\t\t\t\t<\/div>\n\t\t\t\t\t<\/div>\n\t\t<\/div>\n\t\t\t\t<div class=\"elementor-column elementor-col-50 elementor-top-column elementor-element elementor-element-878eaf9\" data-id=\"878eaf9\" data-element_type=\"column\" data-e-type=\"column\">\n\t\t\t<div class=\"elementor-widget-wrap elementor-element-populated\">\n\t\t\t\t\t\t<div class=\"elementor-element elementor-element-5e6a47a elementor-widget elementor-widget-text-editor\" data-id=\"5e6a47a\" data-element_type=\"widget\" data-e-type=\"widget\" data-widget_type=\"text-editor.default\">\n\t\t\t\t<div class=\"elementor-widget-container\">\n\t\t\t\t\t\t\t\t\t<p>El gui\u00f3n museol\u00f3gico y la propuesta museogr\u00e1fica tienen el objetivo fundamental de propiciar el encuentro de las personas con algunos sentidos atribuidos a las materialidades para mostrar la contingencia de los relatos, habilitar la percepci\u00f3n de la multiplicidad de sentidos que pueden poseer los objetos exhibidos en los museos, favorecer la reflexi\u00f3n cr\u00edtica y la expresi\u00f3n de las relaciones locales que vinculan a los objetos con sus productores, sus historias, el desarrollo del conocimiento y la educaci\u00f3n en diversas \u00e9pocas, las continuidades y transformaciones en el tiempo, \u00a0y mostrar procesos de construcci\u00f3n individual y\/o colectiva, con una fuerte impronta local.<\/p><p>\u00a0<\/p>\t\t\t\t\t\t\t\t<\/div>\n\t\t\t\t<\/div>\n\t\t\t\t\t<\/div>\n\t\t<\/div>\n\t\t\t\t\t<\/div>\n\t\t<\/section>\n\t\t\t\t<section class=\"elementor-section elementor-top-section elementor-element elementor-element-3f672fc elementor-section-boxed elementor-section-height-default elementor-section-height-default\" data-id=\"3f672fc\" data-element_type=\"section\" data-e-type=\"section\">\n\t\t\t\t\t\t<div class=\"elementor-container elementor-column-gap-default\">\n\t\t\t\t\t\t<\/div>\n\t\t<\/section>\n\t\t\t\t<section class=\"elementor-section elementor-top-section elementor-element elementor-element-bae1be2 elementor-section-boxed elementor-section-height-default elementor-section-height-default\" data-id=\"bae1be2\" data-element_type=\"section\" data-e-type=\"section\">\n\t\t\t\t\t\t<div class=\"elementor-container elementor-column-gap-default\">\n\t\t\t\t\t<div class=\"elementor-column elementor-col-100 elementor-top-column elementor-element elementor-element-fe3ca60\" data-id=\"fe3ca60\" data-element_type=\"column\" data-e-type=\"column\">\n\t\t\t<div class=\"elementor-widget-wrap elementor-element-populated\">\n\t\t\t\t\t\t<div class=\"elementor-element elementor-element-67fcae4 elementor-widget elementor-widget-heading\" data-id=\"67fcae4\" data-element_type=\"widget\" data-e-type=\"widget\" data-widget_type=\"heading.default\">\n\t\t\t\t<div class=\"elementor-widget-container\">\n\t\t\t\t\t<h3 class=\"elementor-heading-title elementor-size-default\"><strong>LA CASA MADRE<\/strong>: <em>MEMORIAS, PATRIMONIOS E IDENTIDAD<\/em><\/h3>\t\t\t\t<\/div>\n\t\t\t\t<\/div>\n\t\t\t\t\t<\/div>\n\t\t<\/div>\n\t\t\t\t\t<\/div>\n\t\t<\/section>\n\t\t\t\t<section class=\"elementor-section elementor-top-section elementor-element elementor-element-e32ff02 elementor-section-boxed elementor-section-height-default elementor-section-height-default\" data-id=\"e32ff02\" data-element_type=\"section\" data-e-type=\"section\">\n\t\t\t\t\t\t<div class=\"elementor-container elementor-column-gap-default\">\n\t\t\t\t\t<div class=\"elementor-column elementor-col-100 elementor-top-column elementor-element elementor-element-7ac4abf\" data-id=\"7ac4abf\" data-element_type=\"column\" data-e-type=\"column\">\n\t\t\t<div class=\"elementor-widget-wrap elementor-element-populated\">\n\t\t\t\t\t\t<div class=\"elementor-element elementor-element-dd6f663 elementor-arrows-position-inside elementor-pagination-position-outside elementor-widget elementor-widget-image-carousel\" data-id=\"dd6f663\" data-element_type=\"widget\" data-e-type=\"widget\" data-settings=\"{&quot;navigation&quot;:&quot;both&quot;,&quot;autoplay&quot;:&quot;yes&quot;,&quot;pause_on_hover&quot;:&quot;yes&quot;,&quot;pause_on_interaction&quot;:&quot;yes&quot;,&quot;autoplay_speed&quot;:5000,&quot;infinite&quot;:&quot;yes&quot;,&quot;speed&quot;:500}\" data-widget_type=\"image-carousel.default\">\n\t\t\t\t<div class=\"elementor-widget-container\">\n\t\t\t\t\t\t\t<div class=\"elementor-image-carousel-wrapper swiper\" role=\"region\" aria-roledescription=\"carousel\" aria-label=\"Carrusel de im\u00e1genes\" dir=\"ltr\">\n\t\t\t<div class=\"elementor-image-carousel swiper-wrapper\" aria-live=\"off\">\n\t\t\t\t\t\t\t\t<div class=\"swiper-slide\" role=\"group\" aria-roledescription=\"slide\" aria-label=\"1 de 10\"><figure class=\"swiper-slide-inner\"><img decoding=\"async\" class=\"swiper-slide-image\" src=\"https:\/\/colegiodemaria.edu.ar\/memc\/wp-content\/uploads\/2020\/06\/20191018_181025-scaled.jpg\" alt=\"20191018_181025\" \/><\/figure><\/div><div class=\"swiper-slide\" role=\"group\" aria-roledescription=\"slide\" aria-label=\"2 de 10\"><figure class=\"swiper-slide-inner\"><img decoding=\"async\" class=\"swiper-slide-image\" src=\"https:\/\/colegiodemaria.edu.ar\/memc\/wp-content\/uploads\/2020\/06\/DSC_0028-scaled.jpg\" alt=\"DSC_0028\" \/><\/figure><\/div><div class=\"swiper-slide\" role=\"group\" aria-roledescription=\"slide\" aria-label=\"3 de 10\"><figure class=\"swiper-slide-inner\"><img decoding=\"async\" class=\"swiper-slide-image\" src=\"https:\/\/colegiodemaria.edu.ar\/memc\/wp-content\/uploads\/2020\/06\/20191018_2033170-scaled.jpg\" alt=\"20191018_2033170\" \/><\/figure><\/div><div class=\"swiper-slide\" role=\"group\" aria-roledescription=\"slide\" aria-label=\"4 de 10\"><figure class=\"swiper-slide-inner\"><img decoding=\"async\" class=\"swiper-slide-image\" src=\"https:\/\/colegiodemaria.edu.ar\/memc\/wp-content\/uploads\/2020\/06\/20191018_200826-scaled.jpg\" alt=\"20191018_200826\" \/><\/figure><\/div><div class=\"swiper-slide\" role=\"group\" aria-roledescription=\"slide\" aria-label=\"5 de 10\"><figure class=\"swiper-slide-inner\"><img decoding=\"async\" class=\"swiper-slide-image\" src=\"https:\/\/colegiodemaria.edu.ar\/memc\/wp-content\/uploads\/2020\/06\/20191018_200944-scaled.jpg\" alt=\"20191018_200944\" \/><\/figure><\/div><div class=\"swiper-slide\" role=\"group\" aria-roledescription=\"slide\" aria-label=\"6 de 10\"><figure class=\"swiper-slide-inner\"><img decoding=\"async\" class=\"swiper-slide-image\" src=\"https:\/\/colegiodemaria.edu.ar\/memc\/wp-content\/uploads\/2020\/06\/20191018_200012-scaled.jpg\" alt=\"20191018_200012\" \/><\/figure><\/div><div class=\"swiper-slide\" role=\"group\" aria-roledescription=\"slide\" aria-label=\"7 de 10\"><figure class=\"swiper-slide-inner\"><img decoding=\"async\" class=\"swiper-slide-image\" src=\"https:\/\/colegiodemaria.edu.ar\/memc\/wp-content\/uploads\/2020\/06\/SmartSelect_20191016-150019_Adobe-Acrobat.jpg\" alt=\"SmartSelect_20191016-150019_Adobe-Acrobat\" \/><\/figure><\/div><div class=\"swiper-slide\" role=\"group\" aria-roledescription=\"slide\" aria-label=\"8 de 10\"><figure class=\"swiper-slide-inner\"><img decoding=\"async\" class=\"swiper-slide-image\" src=\"https:\/\/colegiodemaria.edu.ar\/memc\/wp-content\/uploads\/2020\/06\/DSC_0027-scaled.jpg\" alt=\"DSC_0027\" \/><\/figure><\/div><div class=\"swiper-slide\" role=\"group\" aria-roledescription=\"slide\" aria-label=\"9 de 10\"><figure class=\"swiper-slide-inner\"><img decoding=\"async\" class=\"swiper-slide-image\" src=\"https:\/\/colegiodemaria.edu.ar\/memc\/wp-content\/uploads\/2020\/06\/20191018_193918-scaled.jpg\" alt=\"20191018_193918\" \/><\/figure><\/div><div class=\"swiper-slide\" role=\"group\" aria-roledescription=\"slide\" aria-label=\"10 de 10\"><figure class=\"swiper-slide-inner\"><img decoding=\"async\" class=\"swiper-slide-image\" src=\"https:\/\/colegiodemaria.edu.ar\/memc\/wp-content\/uploads\/2020\/06\/images.jpg\" alt=\"images\" \/><\/figure><\/div>\t\t\t<\/div>\n\t\t\t\t\t\t\t\t\t\t\t\t<div class=\"elementor-swiper-button elementor-swiper-button-prev\" role=\"button\" tabindex=\"0\">\n\t\t\t\t\t\t<i aria-hidden=\"true\" class=\"eicon-chevron-left\"><\/i>\t\t\t\t\t<\/div>\n\t\t\t\t\t<div class=\"elementor-swiper-button elementor-swiper-button-next\" role=\"button\" tabindex=\"0\">\n\t\t\t\t\t\t<i aria-hidden=\"true\" class=\"eicon-chevron-right\"><\/i>\t\t\t\t\t<\/div>\n\t\t\t\t\n\t\t\t\t\t\t\t\t\t<div class=\"swiper-pagination\"><\/div>\n\t\t\t\t\t\t\t\t\t<\/div>\n\t\t\t\t\t\t<\/div>\n\t\t\t\t<\/div>\n\t\t\t\t\t<\/div>\n\t\t<\/div>\n\t\t\t\t\t<\/div>\n\t\t<\/section>\n\t\t\t\t<section class=\"elementor-section elementor-top-section elementor-element elementor-element-894fcb2 elementor-section-boxed elementor-section-height-default elementor-section-height-default\" data-id=\"894fcb2\" data-element_type=\"section\" data-e-type=\"section\">\n\t\t\t\t\t\t<div class=\"elementor-container elementor-column-gap-default\">\n\t\t\t\t\t<div class=\"elementor-column elementor-col-100 elementor-top-column elementor-element elementor-element-4d311d2\" data-id=\"4d311d2\" data-element_type=\"column\" data-e-type=\"column\">\n\t\t\t<div class=\"elementor-widget-wrap elementor-element-populated\">\n\t\t\t\t\t\t<div class=\"elementor-element elementor-element-6687eea elementor-widget elementor-widget-text-editor\" data-id=\"6687eea\" data-element_type=\"widget\" data-e-type=\"widget\" data-widget_type=\"text-editor.default\">\n\t\t\t\t<div class=\"elementor-widget-container\">\n\t\t\t\t\t\t\t\t\t<p>Es la casa fundacional del Instituto de las Hermanas Esclavas del Coraz\u00f3n de Jes\u00fas, fundada en 1872 en la ciudad de C\u00f3rdoba y presente en diversas provincias y otros pa\u00edses.\u00a0<\/p><p>Cuenta con un acervo patrimonial arquitect\u00f3nico, religioso, art\u00edst\u00edtico y cient\u00edfico muy relevante que estamos poniendo en valor para el disfrute y \u00a0conocimiento de todos quienes quieran acercarse a conocernos.\u00a0<\/p>\t\t\t\t\t\t\t\t<\/div>\n\t\t\t\t<\/div>\n\t\t\t\t\t<\/div>\n\t\t<\/div>\n\t\t\t\t\t<\/div>\n\t\t<\/section>\n\t\t\t\t<section class=\"elementor-section elementor-top-section elementor-element elementor-element-3706e14 elementor-section-boxed elementor-section-height-default elementor-section-height-default\" data-id=\"3706e14\" data-element_type=\"section\" data-e-type=\"section\">\n\t\t\t\t\t\t<div class=\"elementor-container elementor-column-gap-default\">\n\t\t\t\t\t<div class=\"elementor-column elementor-col-100 elementor-top-column elementor-element elementor-element-da4e43f\" data-id=\"da4e43f\" data-element_type=\"column\" data-e-type=\"column\">\n\t\t\t<div class=\"elementor-widget-wrap elementor-element-populated\">\n\t\t\t\t\t\t<div class=\"elementor-element elementor-element-840026d elementor-widget elementor-widget-heading\" data-id=\"840026d\" data-element_type=\"widget\" data-e-type=\"widget\" data-widget_type=\"heading.default\">\n\t\t\t\t<div class=\"elementor-widget-container\">\n\t\t\t\t\t<h3 class=\"elementor-heading-title elementor-size-default\">MUSEO HERMANO, EL MUSEO CATALINA DE MARIA. <\/h3>\t\t\t\t<\/div>\n\t\t\t\t<\/div>\n\t\t\t\t\t<\/div>\n\t\t<\/div>\n\t\t\t\t\t<\/div>\n\t\t<\/section>\n\t\t\t\t<section class=\"elementor-section elementor-top-section elementor-element elementor-element-edcc287 elementor-section-boxed elementor-section-height-default elementor-section-height-default\" data-id=\"edcc287\" data-element_type=\"section\" data-e-type=\"section\">\n\t\t\t\t\t\t<div class=\"elementor-container elementor-column-gap-default\">\n\t\t\t\t\t<div class=\"elementor-column elementor-col-100 elementor-top-column elementor-element elementor-element-e7fc949\" data-id=\"e7fc949\" data-element_type=\"column\" data-e-type=\"column\">\n\t\t\t<div class=\"elementor-widget-wrap elementor-element-populated\">\n\t\t\t\t\t\t<div class=\"elementor-element elementor-element-8b1355b elementor-widget elementor-widget-text-editor\" data-id=\"8b1355b\" data-element_type=\"widget\" data-e-type=\"widget\" data-widget_type=\"text-editor.default\">\n\t\t\t\t<div class=\"elementor-widget-container\">\n\t\t\t\t\t\t\t\t\t<p>Si quer\u00e9s conocer m\u00e1s la vida de la beata Madre Catalina, entra a <a href=\"http:\/\/www.madrecatalina.com\" target=\"_blank\" rel=\"noopener\">www.madrecatalina.com<\/a><\/p>\t\t\t\t\t\t\t\t<\/div>\n\t\t\t\t<\/div>\n\t\t\t\t\t<\/div>\n\t\t<\/div>\n\t\t\t\t\t<\/div>\n\t\t<\/section>\n\t\t\t\t<section class=\"elementor-section elementor-top-section elementor-element elementor-element-3dde0e5 elementor-section-boxed elementor-section-height-default elementor-section-height-default\" data-id=\"3dde0e5\" data-element_type=\"section\" data-e-type=\"section\">\n\t\t\t\t\t\t<div class=\"elementor-container elementor-column-gap-default\">\n\t\t\t\t\t<div class=\"elementor-column elementor-col-100 elementor-top-column elementor-element elementor-element-384d5a4\" data-id=\"384d5a4\" data-element_type=\"column\" data-e-type=\"column\">\n\t\t\t<div class=\"elementor-widget-wrap elementor-element-populated\">\n\t\t\t\t\t\t<div class=\"elementor-element elementor-element-496a97b elementor-widget elementor-widget-text-editor\" data-id=\"496a97b\" data-element_type=\"widget\" data-e-type=\"widget\" data-widget_type=\"text-editor.default\">\n\t\t\t\t<div class=\"elementor-widget-container\">\n\t\t\t\t\t\t\t\t\t<p><strong>EQUIPO COORDINADOR<\/strong>:\u00a0<\/p><p>AREAS EDUCACION Y CONSERVACION<\/p><p>Profesor Gabriel Pastrana<\/p><p>Mgter. Laura Misetich<\/p><p>AREA COMUNICACION<\/p><p>C\u00e9sar Sturm<\/p><p>\u00a0<\/p><p>\u00a0<\/p><p>\u00a0<\/p>\t\t\t\t\t\t\t\t<\/div>\n\t\t\t\t<\/div>\n\t\t\t\t\t<\/div>\n\t\t<\/div>\n\t\t\t\t\t<\/div>\n\t\t<\/section>\n\t\t\t\t<\/div>\n\t\t","protected":false},"excerpt":{"rendered":"<p>La propuesta\u00a0 que aqu\u00ed realizamos enlaza la conceptualizaci\u00f3n del patrimonio como construcci\u00f3n social, las materialidades como partes constitutivas de redes relacionales y los museos como espacios donde se narran muchas historias que hacen pensar y alimentan la reflexi\u00f3n cr\u00edtica y en donde se trasciende el relato de historias absolutas. La muestra que se propone supone [&hellip;]<\/p>\n","protected":false},"author":4,"featured_media":0,"parent":0,"menu_order":0,"comment_status":"closed","ping_status":"closed","template":"","meta":{"footnotes":""},"class_list":["post-2147","page","type-page","status-publish","hentry"],"_links":{"self":[{"href":"https:\/\/colegiodemaria.edu.ar\/memc\/wp-json\/wp\/v2\/pages\/2147","targetHints":{"allow":["GET"]}}],"collection":[{"href":"https:\/\/colegiodemaria.edu.ar\/memc\/wp-json\/wp\/v2\/pages"}],"about":[{"href":"https:\/\/colegiodemaria.edu.ar\/memc\/wp-json\/wp\/v2\/types\/page"}],"author":[{"embeddable":true,"href":"https:\/\/colegiodemaria.edu.ar\/memc\/wp-json\/wp\/v2\/users\/4"}],"replies":[{"embeddable":true,"href":"https:\/\/colegiodemaria.edu.ar\/memc\/wp-json\/wp\/v2\/comments?post=2147"}],"version-history":[{"count":14,"href":"https:\/\/colegiodemaria.edu.ar\/memc\/wp-json\/wp\/v2\/pages\/2147\/revisions"}],"predecessor-version":[{"id":2670,"href":"https:\/\/colegiodemaria.edu.ar\/memc\/wp-json\/wp\/v2\/pages\/2147\/revisions\/2670"}],"wp:attachment":[{"href":"https:\/\/colegiodemaria.edu.ar\/memc\/wp-json\/wp\/v2\/media?parent=2147"}],"curies":[{"name":"wp","href":"https:\/\/api.w.org\/{rel}","templated":true}]}}