{"id":1604,"date":"2020-06-15T07:21:15","date_gmt":"2020-06-15T10:21:15","guid":{"rendered":"http:\/\/colegiodemaria.edu.ar\/memc\/?page_id=1604"},"modified":"2020-06-30T05:35:12","modified_gmt":"2020-06-30T08:35:12","slug":"vamos-a-aprender-al-museo","status":"publish","type":"page","link":"https:\/\/colegiodemaria.edu.ar\/memc\/vamos-a-aprender-al-museo\/","title":{"rendered":"VAMOS A APRENDER AL MUSEO"},"content":{"rendered":"\t\t<div data-elementor-type=\"wp-page\" data-elementor-id=\"1604\" class=\"elementor elementor-1604\">\n\t\t\t\t\t\t<section class=\"elementor-section elementor-top-section elementor-element elementor-element-2b43da3d elementor-section-boxed elementor-section-height-default elementor-section-height-default\" data-id=\"2b43da3d\" data-element_type=\"section\" data-e-type=\"section\">\n\t\t\t\t\t\t<div class=\"elementor-container elementor-column-gap-default\">\n\t\t\t\t\t<div class=\"elementor-column elementor-col-100 elementor-top-column elementor-element elementor-element-3d5def1a\" data-id=\"3d5def1a\" data-element_type=\"column\" data-e-type=\"column\">\n\t\t\t<div class=\"elementor-widget-wrap elementor-element-populated\">\n\t\t\t\t\t\t<div class=\"elementor-element elementor-element-3ea30471 elementor-widget elementor-widget-text-editor\" data-id=\"3ea30471\" data-element_type=\"widget\" data-e-type=\"widget\" data-widget_type=\"text-editor.default\">\n\t\t\t\t<div class=\"elementor-widget-container\">\n\t\t\t\t\t\t\t\t\t\n<p>PRE VISITA, VISITA Y POS VISITA: TEMAS, ACTIVIDADES, PRODUCCIONES, COMENTARIOS<\/p>\n\t\t\t\t\t\t\t\t<\/div>\n\t\t\t\t<\/div>\n\t\t\t\t\t<\/div>\n\t\t<\/div>\n\t\t\t\t\t<\/div>\n\t\t<\/section>\n\t\t\t\t<section class=\"elementor-section elementor-top-section elementor-element elementor-element-0419bbc elementor-section-boxed elementor-section-height-default elementor-section-height-default\" data-id=\"0419bbc\" data-element_type=\"section\" data-e-type=\"section\">\n\t\t\t\t\t\t<div class=\"elementor-container elementor-column-gap-default\">\n\t\t\t\t\t<div class=\"elementor-column elementor-col-100 elementor-top-column elementor-element elementor-element-d16ce62\" data-id=\"d16ce62\" data-element_type=\"column\" data-e-type=\"column\">\n\t\t\t<div class=\"elementor-widget-wrap elementor-element-populated\">\n\t\t\t\t\t\t<div class=\"elementor-element elementor-element-c5df961 elementor-widget elementor-widget-image\" data-id=\"c5df961\" data-element_type=\"widget\" data-e-type=\"widget\" data-widget_type=\"image.default\">\n\t\t\t\t<div class=\"elementor-widget-container\">\n\t\t\t\t\t\t\t\t\t\t\t\t\t\t\t<img fetchpriority=\"high\" decoding=\"async\" width=\"750\" height=\"563\" src=\"https:\/\/colegiodemaria.edu.ar\/memc\/wp-content\/uploads\/2020\/06\/2-b-en-Memc.jpg\" class=\"attachment-large size-large wp-image-1606\" alt=\"\" srcset=\"https:\/\/colegiodemaria.edu.ar\/memc\/wp-content\/uploads\/2020\/06\/2-b-en-Memc.jpg 861w, https:\/\/colegiodemaria.edu.ar\/memc\/wp-content\/uploads\/2020\/06\/2-b-en-Memc-300x225.jpg 300w, https:\/\/colegiodemaria.edu.ar\/memc\/wp-content\/uploads\/2020\/06\/2-b-en-Memc-768x576.jpg 768w\" sizes=\"(max-width: 750px) 100vw, 750px\" \/>\t\t\t\t\t\t\t\t\t\t\t\t\t\t\t<\/div>\n\t\t\t\t<\/div>\n\t\t\t\t\t<\/div>\n\t\t<\/div>\n\t\t\t\t\t<\/div>\n\t\t<\/section>\n\t\t\t\t<section class=\"elementor-section elementor-top-section elementor-element elementor-element-046f8ea elementor-section-boxed elementor-section-height-default elementor-section-height-default\" data-id=\"046f8ea\" data-element_type=\"section\" data-e-type=\"section\">\n\t\t\t\t\t\t<div class=\"elementor-container elementor-column-gap-default\">\n\t\t\t\t\t<div class=\"elementor-column elementor-col-100 elementor-top-column elementor-element elementor-element-dd55a2f\" data-id=\"dd55a2f\" data-element_type=\"column\" data-e-type=\"column\">\n\t\t\t<div class=\"elementor-widget-wrap elementor-element-populated\">\n\t\t\t\t\t\t<div class=\"elementor-element elementor-element-efee706 elementor-widget elementor-widget-popularis-extra-posts\" data-id=\"efee706\" data-element_type=\"widget\" data-e-type=\"widget\" data-widget_type=\"popularis-extra-posts.default\">\n\t\t\t\t<div class=\"elementor-widget-container\">\n\t\t\t\t\t\n            <div class=\"popularis-posts-shortcode\">\n                <div class=\"latest-news-wrapper\">\n                                            <article id=\"post-2936\" class=\"news-item text-center col-md-6 post-2936 post type-post status-publish format-standard has-post-thumbnail hentry category-ciencias-naturales category-nivel-primario category-noche-de-los-museos category-producciones\">\n                            <div class=\"entry-thumb\">\n                                <img decoding=\"async\" width=\"1072\" height=\"600\" src=\"https:\/\/colegiodemaria.edu.ar\/memc\/wp-content\/uploads\/2020\/11\/mar-chiquita-1_0-1072x600.jpg\" class=\"attachment-popularis-img size-popularis-img wp-post-image\" alt=\"\" \/>                            <\/div>\t\t\t\t\t\t\n                            <h4 class=\"entry-title\"><a href=\"https:\/\/colegiodemaria.edu.ar\/memc\/laguna-mar-chiquita-conocemos-mas-de-este-ambiente-acuatico-de-la-provincia-de-cordoba\/\" rel=\"bookmark\">LAGUNA MAR CHIQUITA&#8230; CONOCEMOS M\u00c1S DE ESTE  AMBIENTE ACU\u00c1TICO DE LA PROVINCIA DE C\u00d3RDOBA<\/a><\/h4>                            <div class=\"f-line\"><\/div>\n                            <div class=\"post-excerpt\">\n                                ELABORACI\u00d3N DE SITIOS WEB. Computaci\u00f3n y Ciencias Naturales de 5\u00b0 grado. Profesora In\u00e9s Orlandi, Profesora Julieta Piscitello y estudiantes de 5\u00b0 grado A y B A continuaci\u00f3n encontrar\u00e1n el proyecto \u201cLaguna de Mar Chiquita, conocemos&hellip;                            <\/div>\n                        <\/article>\n                                            <article id=\"post-2933\" class=\"news-item text-center col-md-6 post-2933 post type-post status-publish format-standard has-post-thumbnail hentry category-ciencias-naturales category-noche-de-los-museos category-producciones\">\n                            <div class=\"entry-thumb\">\n                                <img decoding=\"async\" width=\"1140\" height=\"600\" src=\"https:\/\/colegiodemaria.edu.ar\/memc\/wp-content\/uploads\/2020\/11\/actividades-geologia-1140x600.png\" class=\"attachment-popularis-img size-popularis-img wp-post-image\" alt=\"\" \/>                            <\/div>\t\t\t\t\t\t\n                            <h4 class=\"entry-title\"><a href=\"https:\/\/colegiodemaria.edu.ar\/memc\/actividades-interactivas-con-la-coleccion-geologica\/\" rel=\"bookmark\">ACTIVIDADES INTERACTIVAS CON  LA COLECCI\u00d3N GEOL\u00d3GICA<\/a><\/h4>                            <div class=\"f-line\"><\/div>\n                            <div class=\"post-excerpt\">\n                                Ciencias de la Tierra de 5\u00b0 a\u00f1o A con la Profesora Georgina Pussetto y\u00a0 estudiantes. Grupo Amatista Grupo Metaleros Grupo Los Picapiedras Grupo Granito de Arena Grupo Petroleras Grupo Rock and Roll Grupo Las Rub\u00edes                            <\/div>\n                        <\/article>\n                                            <article id=\"post-2930\" class=\"news-item text-center col-md-6 post-2930 post type-post status-publish format-standard has-post-thumbnail hentry category-juegos category-material-didactico category-noche-de-los-museos category-producciones\">\n                            <div class=\"entry-thumb\">\n                                <img loading=\"lazy\" decoding=\"async\" width=\"1140\" height=\"600\" src=\"https:\/\/colegiodemaria.edu.ar\/memc\/wp-content\/uploads\/2020\/11\/foto-1140x600.jpg\" class=\"attachment-popularis-img size-popularis-img wp-post-image\" alt=\"\" \/>                            <\/div>\t\t\t\t\t\t\n                            <h4 class=\"entry-title\"><a href=\"https:\/\/colegiodemaria.edu.ar\/memc\/aprendemos-jugando\/\" rel=\"bookmark\">APRENDEMOS JUGANDO<\/a><\/h4>                            <div class=\"f-line\"><\/div>\n                            <div class=\"post-excerpt\">\n                                Proyecto de estudiantes de 2 A\u00d1O B Y 4 A\u00d1O B. Historia y Patrimonio Cultural. Profesora Laura Misetich. https:\/\/docs.google.com\/forms\/d\/e\/1FAIpQLSeM5D9p6FGtGbiMCE8yiA-AD4y0ZgzcK3rFr0b7XukvyKSU0g\/viewform                            <\/div>\n                        <\/article>\n                                            <article id=\"post-2912\" class=\"news-item text-center col-md-6 post-2912 post type-post status-publish format-standard has-post-thumbnail hentry category-biologia category-material-didactico category-noche-de-los-museos category-producciones\">\n                            <div class=\"entry-thumb\">\n                                <img loading=\"lazy\" decoding=\"async\" width=\"1140\" height=\"600\" src=\"https:\/\/colegiodemaria.edu.ar\/memc\/wp-content\/uploads\/2020\/11\/Guia-para-los-juegos-1-1140x600.jpg\" class=\"attachment-popularis-img size-popularis-img wp-post-image\" alt=\"\" \/>                            <\/div>\t\t\t\t\t\t\n                            <h4 class=\"entry-title\"><a href=\"https:\/\/colegiodemaria.edu.ar\/memc\/juego-cuanto-nos-conocemos\/\" rel=\"bookmark\">Juego: \u00bfCu\u00e1nto nos conocemos?<\/a><\/h4>                            <div class=\"f-line\"><\/div>\n                            <div class=\"post-excerpt\">\n                                HACE CLICK EN LAS IM\u00c1GENES PARA JUGAR                            <\/div>\n                        <\/article>\n                                            <article id=\"post-2793\" class=\"news-item text-center col-md-6 post-2793 post type-post status-publish format-standard hentry category-ciencias-naturales category-iman-verde category-material-didactico category-nivel-incial category-nivel-primario category-producciones\">\n                            <div class=\"entry-thumb\">\n                                                            <\/div>\t\t\t\t\t\t\n                            <h4 class=\"entry-title\"><a href=\"https:\/\/colegiodemaria.edu.ar\/memc\/iman-verde-2\/\" rel=\"bookmark\">Im\u00e1n Verde<\/a><\/h4>                            <div class=\"f-line\"><\/div>\n                            <div class=\"post-excerpt\">\n                                Dejando huellas: \u00bfCu\u00e1l ser\u00e1 la \u201chuella digital\u201d de Im\u00e1n Verde CM 2020? Im\u00e1n Verde es un claro ejemplo de c\u00f3mo a trav\u00e9s de la tecnolog\u00eda se puede hacer un cambio, concientizando por medio de las&hellip;                            <\/div>\n                        <\/article>\n                                            <article id=\"post-2647\" class=\"news-item text-center col-md-6 post-2647 post type-post status-publish format-standard has-post-thumbnail hentry category-producciones\">\n                            <div class=\"entry-thumb\">\n                                <img loading=\"lazy\" decoding=\"async\" width=\"637\" height=\"464\" src=\"https:\/\/colegiodemaria.edu.ar\/memc\/wp-content\/uploads\/2020\/06\/punta-de-flecha.png\" class=\"attachment-popularis-img size-popularis-img wp-post-image\" alt=\"\" srcset=\"https:\/\/colegiodemaria.edu.ar\/memc\/wp-content\/uploads\/2020\/06\/punta-de-flecha.png 637w, https:\/\/colegiodemaria.edu.ar\/memc\/wp-content\/uploads\/2020\/06\/punta-de-flecha-300x219.png 300w\" sizes=\"(max-width: 637px) 100vw, 637px\" \/>                            <\/div>\t\t\t\t\t\t\n                            <h4 class=\"entry-title\"><a href=\"https:\/\/colegiodemaria.edu.ar\/memc\/punta-de-flecha\/\" rel=\"bookmark\">Punta de flecha<\/a><\/h4>                            <div class=\"f-line\"><\/div>\n                            <div class=\"post-excerpt\">\n                                Hace varios a\u00f1os atr\u00e1s, en Argentina, exist\u00edan varios pueblos originarios que habitaban la mayor\u00eda del territorio...                            <\/div>\n                        <\/article>\n                                    <\/div>\n            <\/div>\n\n            \n        \t\t\t\t<\/div>\n\t\t\t\t<\/div>\n\t\t\t\t\t<\/div>\n\t\t<\/div>\n\t\t\t\t\t<\/div>\n\t\t<\/section>\n\t\t\t\t<\/div>\n\t\t","protected":false},"excerpt":{"rendered":"<p>PRE VISITA, VISITA Y POS VISITA: TEMAS, ACTIVIDADES, PRODUCCIONES, COMENTARIOS Punta de flecha Hace varios a\u00f1os atr\u00e1s, en Argentina, exist\u00edan varios pueblos originarios que habitaban la mayor\u00eda del territorio<\/p>\n","protected":false},"author":4,"featured_media":0,"parent":0,"menu_order":0,"comment_status":"closed","ping_status":"closed","template":"","meta":{"footnotes":""},"class_list":["post-1604","page","type-page","status-publish","hentry"],"_links":{"self":[{"href":"https:\/\/colegiodemaria.edu.ar\/memc\/wp-json\/wp\/v2\/pages\/1604","targetHints":{"allow":["GET"]}}],"collection":[{"href":"https:\/\/colegiodemaria.edu.ar\/memc\/wp-json\/wp\/v2\/pages"}],"about":[{"href":"https:\/\/colegiodemaria.edu.ar\/memc\/wp-json\/wp\/v2\/types\/page"}],"author":[{"embeddable":true,"href":"https:\/\/colegiodemaria.edu.ar\/memc\/wp-json\/wp\/v2\/users\/4"}],"replies":[{"embeddable":true,"href":"https:\/\/colegiodemaria.edu.ar\/memc\/wp-json\/wp\/v2\/comments?post=1604"}],"version-history":[{"count":9,"href":"https:\/\/colegiodemaria.edu.ar\/memc\/wp-json\/wp\/v2\/pages\/1604\/revisions"}],"predecessor-version":[{"id":2679,"href":"https:\/\/colegiodemaria.edu.ar\/memc\/wp-json\/wp\/v2\/pages\/1604\/revisions\/2679"}],"wp:attachment":[{"href":"https:\/\/colegiodemaria.edu.ar\/memc\/wp-json\/wp\/v2\/media?parent=1604"}],"curies":[{"name":"wp","href":"https:\/\/api.w.org\/{rel}","templated":true}]}}